{"id":994,"date":"2020-06-09T10:53:43","date_gmt":"2020-06-09T14:53:43","guid":{"rendered":"https:\/\/migrat40to60rh.wpengine.com\/?page_id=994"},"modified":"2020-06-15T10:47:18","modified_gmt":"2020-06-15T14:47:18","slug":"994-2","status":"publish","type":"page","link":"https:\/\/40to60rh.com\/tr\/","title":{"rendered":"Binalarda %40-60 d\u00fczeyinde ba\u011f\u0131l nem solunum yolu enfeksiyonlar\u0131n\u0131 azaltacak ve hayat kurtaracakt\u0131r."},"content":{"rendered":"<p>D\u00fcnya Sa\u011fl\u0131k \u00d6rg\u00fct\u00fc kirlilik ve k\u00fcf gibi konularda i\u00e7 mekan hava kalitesi konusunda rehberlik etmektedir. Halen kamu binalar\u0131nda minimum nem seviyesi i\u00e7in herhangi bir \u00f6neri sunmamaktad\u0131r.<\/p>\n<p>Minimum nem seviyeleri hakk\u0131nda bir rehber yay\u0131nlanacak olursa, d\u00fcnya genelindeki bina standartlar\u0131 d\u00fczenleyicilerinin kendi gereksinimlerini g\u00fcncellemeleri gerekecektir. B\u00f6ylece bina sahipleri ve i\u015fletmecileri, bu minimum nem seviyesini kar\u015f\u0131lamak \u00fczere i\u00e7 mekan hava kalitelerini art\u0131rmak i\u00e7in ad\u0131mlar atacaklard\u0131r.<\/p>\n<p>Bu a\u015fa\u011f\u0131dakilere yol a\u00e7acakt\u0131r:<\/p>\n<ul>\n<li>Grip gibi mevsimsel solunum vir\u00fcslerinden kaynaklanan solunum yolu enfeksiyonlar\u0131 \u00f6nemli \u00f6l\u00e7\u00fcde azalacakt\u0131r.<\/li>\n<li>Mevsimsel solunum hastal\u0131klar\u0131ndaki azalma ile her y\u0131l binlerce hayat kurtar\u0131lacakt\u0131r.<\/li>\n<li>Global sa\u011fl\u0131k hizmetleri her k\u0131\u015f daha az y\u00fck alt\u0131nda olacakt\u0131r.<\/li>\n<li>Daha az devams\u0131zl\u0131k d\u00fcnya ekonomilerini b\u00fcy\u00fck \u00f6l\u00e7\u00fcde olumlu etkileyecektir.<\/li>\n<li>Milyonlarca insan i\u00e7in daha sa\u011fl\u0131kl\u0131 bir i\u00e7 mekan ve daha sa\u011fl\u0131kl\u0131 bir ya\u015fam sa\u011flayacakt\u0131r.<\/li>\n<\/ul>\n<p><span style=\"font-weight: 400;\">D\u00fcnya Sa\u011fl\u0131k \u00d6rg\u00fct\u00fc &#8211; l\u00fctfen i\u00e7 mekan nemi hakk\u0131ndaki bilimi dinleyin ve \u015fimdi harekete ge\u00e7in!<\/span><\/p>\n<hr \/>\n","protected":false},"excerpt":{"rendered":"<p>D\u00fcnya Sa\u011fl\u0131k \u00d6rg\u00fct\u00fc kirlilik ve k\u00fcf gibi konularda i\u00e7 mekan hava kalitesi konusunda rehberlik etmektedir. Halen kamu binalar\u0131nda minimum nem seviyesi i\u00e7in herhangi bir \u00f6neri sunmamaktad\u0131r. Minimum nem seviyeleri hakk\u0131nda bir rehber yay\u0131nlanacak olursa, d\u00fcnya genelindeki bina standartlar\u0131 d\u00fczenleyicilerinin kendi gereksinimlerini g\u00fcncellemeleri gerekecektir. B\u00f6ylece bina sahipleri ve i\u015fletmecileri, bu minimum nem seviyesini kar\u015f\u0131lamak \u00fczere i\u00e7 [&#8230;]<\/p>\n<p><a class=\"btn btn-secondary understrap-read-more-link\" href=\"https:\/\/40to60rh.com\/tr\/\">Daha fazlas\u0131n\u0131 oku\u2026<span class=\"screen-reader-text\"> from Binalarda %40-60 d\u00fczeyinde ba\u011f\u0131l nem solunum yolu enfeksiyonlar\u0131n\u0131 azaltacak ve hayat kurtaracakt\u0131r.<\/span><\/a><\/p>\n","protected":false},"author":1,"featured_media":0,"parent":0,"menu_order":0,"comment_status":"open","ping_status":"open","template":"page-templates\/landingpage.php","meta":{"_acf_changed":false,"footnotes":""},"class_list":["post-994","page","type-page","status-publish","hentry"],"acf":[],"yoast_head":"<!-- This site is optimized with the Yoast SEO plugin v27.4 - https:\/\/yoast.com\/product\/yoast-seo-wordpress\/ -->\n<title>Binalarda %40-60 d\u00fczeyinde ba\u011f\u0131l nem solunum yolu enfeksiyonlar\u0131n\u0131 azaltacak ve hayat kurtaracakt\u0131r. - 40to60RH<\/title>\n<meta name=\"robots\" content=\"index, follow, max-snippet:-1, max-image-preview:large, max-video-preview:-1\" \/>\n<link rel=\"canonical\" href=\"https:\/\/40to60rh.com\/tr\/\" \/>\n<meta property=\"og:locale\" content=\"tr_TR\" \/>\n<meta property=\"og:type\" content=\"article\" \/>\n<meta property=\"og:title\" content=\"Binalarda %40-60 d\u00fczeyinde ba\u011f\u0131l nem solunum yolu enfeksiyonlar\u0131n\u0131 azaltacak ve hayat kurtaracakt\u0131r. - 40to60RH\" \/>\n<meta property=\"og:description\" content=\"D\u00fcnya Sa\u011fl\u0131k \u00d6rg\u00fct\u00fc kirlilik ve k\u00fcf gibi konularda i\u00e7 mekan hava kalitesi konusunda rehberlik etmektedir. Halen kamu binalar\u0131nda minimum nem seviyesi i\u00e7in herhangi bir \u00f6neri sunmamaktad\u0131r. Minimum nem seviyeleri hakk\u0131nda bir rehber yay\u0131nlanacak olursa, d\u00fcnya genelindeki bina standartlar\u0131 d\u00fczenleyicilerinin kendi gereksinimlerini g\u00fcncellemeleri gerekecektir. B\u00f6ylece bina sahipleri ve i\u015fletmecileri, bu minimum nem seviyesini kar\u015f\u0131lamak \u00fczere i\u00e7 [...]Daha fazlas\u0131n\u0131 oku\u2026 from Binalarda %40-60 d\u00fczeyinde ba\u011f\u0131l nem solunum yolu enfeksiyonlar\u0131n\u0131 azaltacak ve hayat kurtaracakt\u0131r.\" \/>\n<meta property=\"og:url\" content=\"https:\/\/40to60rh.com\/tr\/\" \/>\n<meta property=\"og:site_name\" content=\"40to60RH\" \/>\n<meta property=\"article:modified_time\" content=\"2020-06-15T14:47:18+00:00\" \/>\n<meta property=\"og:image\" content=\"https:\/\/40to60rh.com\/wp-content\/uploads\/2020\/04\/OG-Thumb.png\" \/>\n\t<meta property=\"og:image:width\" content=\"1200\" \/>\n\t<meta property=\"og:image:height\" content=\"1200\" \/>\n\t<meta property=\"og:image:type\" content=\"image\/png\" \/>\n<meta name=\"twitter:card\" content=\"summary_large_image\" \/>\n<meta name=\"twitter:label1\" content=\"Tahmini okuma s\u00fcresi\" \/>\n\t<meta name=\"twitter:data1\" content=\"1 dakika\" \/>\n<script type=\"application\/ld+json\" class=\"yoast-schema-graph\">{\"@context\":\"https:\\\/\\\/schema.org\",\"@graph\":[{\"@type\":\"WebPage\",\"@id\":\"https:\\\/\\\/40to60rh.com\\\/tr\\\/\",\"url\":\"https:\\\/\\\/40to60rh.com\\\/tr\\\/\",\"name\":\"Binalarda %40-60 d\u00fczeyinde ba\u011f\u0131l nem solunum yolu enfeksiyonlar\u0131n\u0131 azaltacak ve hayat kurtaracakt\u0131r. - 40to60RH\",\"isPartOf\":{\"@id\":\"https:\\\/\\\/40to60rh.com\\\/#website\"},\"datePublished\":\"2020-06-09T14:53:43+00:00\",\"dateModified\":\"2020-06-15T14:47:18+00:00\",\"breadcrumb\":{\"@id\":\"https:\\\/\\\/40to60rh.com\\\/tr\\\/#breadcrumb\"},\"inLanguage\":\"tr\",\"potentialAction\":[{\"@type\":\"ReadAction\",\"target\":[\"https:\\\/\\\/40to60rh.com\\\/tr\\\/\"]}]},{\"@type\":\"BreadcrumbList\",\"@id\":\"https:\\\/\\\/40to60rh.com\\\/tr\\\/#breadcrumb\",\"itemListElement\":[{\"@type\":\"ListItem\",\"position\":1,\"name\":\"Home\",\"item\":\"https:\\\/\\\/40to60rh.com\\\/tr\\\/\"},{\"@type\":\"ListItem\",\"position\":2,\"name\":\"Binalarda %40-60 d\u00fczeyinde ba\u011f\u0131l nem solunum yolu enfeksiyonlar\u0131n\u0131 azaltacak ve hayat kurtaracakt\u0131r.\"}]},{\"@type\":\"WebSite\",\"@id\":\"https:\\\/\\\/40to60rh.com\\\/#website\",\"url\":\"https:\\\/\\\/40to60rh.com\\\/\",\"name\":\"40to60RH\",\"description\":\"Binalarda %40-60 d\u00fczeyinde ba\u011f\u0131l nem solunum yolu enfeksiyonlar\u0131n\u0131 azaltacak ve hayat kurtaracakt\u0131r.\",\"publisher\":{\"@id\":\"https:\\\/\\\/40to60rh.com\\\/#organization\"},\"potentialAction\":[{\"@type\":\"SearchAction\",\"target\":{\"@type\":\"EntryPoint\",\"urlTemplate\":\"https:\\\/\\\/40to60rh.com\\\/?s={search_term_string}\"},\"query-input\":{\"@type\":\"PropertyValueSpecification\",\"valueRequired\":true,\"valueName\":\"search_term_string\"}}],\"inLanguage\":\"tr\"},{\"@type\":\"Organization\",\"@id\":\"https:\\\/\\\/40to60rh.com\\\/#organization\",\"name\":\"40to60RH\",\"url\":\"https:\\\/\\\/40to60rh.com\\\/\",\"logo\":{\"@type\":\"ImageObject\",\"inLanguage\":\"tr\",\"@id\":\"https:\\\/\\\/40to60rh.com\\\/#\\\/schema\\\/logo\\\/image\\\/\",\"url\":\"https:\\\/\\\/40to60rh.com\\\/wp-content\\\/uploads\\\/2020\\\/06\\\/40to60RHcom-logo-300x78-1.png\",\"contentUrl\":\"https:\\\/\\\/40to60rh.com\\\/wp-content\\\/uploads\\\/2020\\\/06\\\/40to60RHcom-logo-300x78-1.png\",\"width\":300,\"height\":78,\"caption\":\"40to60RH\"},\"image\":{\"@id\":\"https:\\\/\\\/40to60rh.com\\\/#\\\/schema\\\/logo\\\/image\\\/\"}}]}<\/script>\n<!-- \/ Yoast SEO plugin. -->","yoast_head_json":{"title":"Binalarda %40-60 d\u00fczeyinde ba\u011f\u0131l nem solunum yolu enfeksiyonlar\u0131n\u0131 azaltacak ve hayat kurtaracakt\u0131r. - 40to60RH","robots":{"index":"index","follow":"follow","max-snippet":"max-snippet:-1","max-image-preview":"max-image-preview:large","max-video-preview":"max-video-preview:-1"},"canonical":"https:\/\/40to60rh.com\/tr\/","og_locale":"tr_TR","og_type":"article","og_title":"Binalarda %40-60 d\u00fczeyinde ba\u011f\u0131l nem solunum yolu enfeksiyonlar\u0131n\u0131 azaltacak ve hayat kurtaracakt\u0131r. - 40to60RH","og_description":"D\u00fcnya Sa\u011fl\u0131k \u00d6rg\u00fct\u00fc kirlilik ve k\u00fcf gibi konularda i\u00e7 mekan hava kalitesi konusunda rehberlik etmektedir. Halen kamu binalar\u0131nda minimum nem seviyesi i\u00e7in herhangi bir \u00f6neri sunmamaktad\u0131r. Minimum nem seviyeleri hakk\u0131nda bir rehber yay\u0131nlanacak olursa, d\u00fcnya genelindeki bina standartlar\u0131 d\u00fczenleyicilerinin kendi gereksinimlerini g\u00fcncellemeleri gerekecektir. B\u00f6ylece bina sahipleri ve i\u015fletmecileri, bu minimum nem seviyesini kar\u015f\u0131lamak \u00fczere i\u00e7 [...]Daha fazlas\u0131n\u0131 oku\u2026 from Binalarda %40-60 d\u00fczeyinde ba\u011f\u0131l nem solunum yolu enfeksiyonlar\u0131n\u0131 azaltacak ve hayat kurtaracakt\u0131r.","og_url":"https:\/\/40to60rh.com\/tr\/","og_site_name":"40to60RH","article_modified_time":"2020-06-15T14:47:18+00:00","og_image":[{"width":1200,"height":1200,"url":"https:\/\/40to60rh.com\/wp-content\/uploads\/2020\/04\/OG-Thumb.png","type":"image\/png"}],"twitter_card":"summary_large_image","twitter_misc":{"Tahmini okuma s\u00fcresi":"1 dakika"},"schema":{"@context":"https:\/\/schema.org","@graph":[{"@type":"WebPage","@id":"https:\/\/40to60rh.com\/tr\/","url":"https:\/\/40to60rh.com\/tr\/","name":"Binalarda %40-60 d\u00fczeyinde ba\u011f\u0131l nem solunum yolu enfeksiyonlar\u0131n\u0131 azaltacak ve hayat kurtaracakt\u0131r. - 40to60RH","isPartOf":{"@id":"https:\/\/40to60rh.com\/#website"},"datePublished":"2020-06-09T14:53:43+00:00","dateModified":"2020-06-15T14:47:18+00:00","breadcrumb":{"@id":"https:\/\/40to60rh.com\/tr\/#breadcrumb"},"inLanguage":"tr","potentialAction":[{"@type":"ReadAction","target":["https:\/\/40to60rh.com\/tr\/"]}]},{"@type":"BreadcrumbList","@id":"https:\/\/40to60rh.com\/tr\/#breadcrumb","itemListElement":[{"@type":"ListItem","position":1,"name":"Home","item":"https:\/\/40to60rh.com\/tr\/"},{"@type":"ListItem","position":2,"name":"Binalarda %40-60 d\u00fczeyinde ba\u011f\u0131l nem solunum yolu enfeksiyonlar\u0131n\u0131 azaltacak ve hayat kurtaracakt\u0131r."}]},{"@type":"WebSite","@id":"https:\/\/40to60rh.com\/#website","url":"https:\/\/40to60rh.com\/","name":"40to60RH","description":"Binalarda %40-60 d\u00fczeyinde ba\u011f\u0131l nem solunum yolu enfeksiyonlar\u0131n\u0131 azaltacak ve hayat kurtaracakt\u0131r.","publisher":{"@id":"https:\/\/40to60rh.com\/#organization"},"potentialAction":[{"@type":"SearchAction","target":{"@type":"EntryPoint","urlTemplate":"https:\/\/40to60rh.com\/?s={search_term_string}"},"query-input":{"@type":"PropertyValueSpecification","valueRequired":true,"valueName":"search_term_string"}}],"inLanguage":"tr"},{"@type":"Organization","@id":"https:\/\/40to60rh.com\/#organization","name":"40to60RH","url":"https:\/\/40to60rh.com\/","logo":{"@type":"ImageObject","inLanguage":"tr","@id":"https:\/\/40to60rh.com\/#\/schema\/logo\/image\/","url":"https:\/\/40to60rh.com\/wp-content\/uploads\/2020\/06\/40to60RHcom-logo-300x78-1.png","contentUrl":"https:\/\/40to60rh.com\/wp-content\/uploads\/2020\/06\/40to60RHcom-logo-300x78-1.png","width":300,"height":78,"caption":"40to60RH"},"image":{"@id":"https:\/\/40to60rh.com\/#\/schema\/logo\/image\/"}}]}},"_links":{"self":[{"href":"https:\/\/40to60rh.com\/tr\/wp-json\/wp\/v2\/pages\/994","targetHints":{"allow":["GET"]}}],"collection":[{"href":"https:\/\/40to60rh.com\/tr\/wp-json\/wp\/v2\/pages"}],"about":[{"href":"https:\/\/40to60rh.com\/tr\/wp-json\/wp\/v2\/types\/page"}],"author":[{"embeddable":true,"href":"https:\/\/40to60rh.com\/tr\/wp-json\/wp\/v2\/users\/1"}],"replies":[{"embeddable":true,"href":"https:\/\/40to60rh.com\/tr\/wp-json\/wp\/v2\/comments?post=994"}],"version-history":[{"count":0,"href":"https:\/\/40to60rh.com\/tr\/wp-json\/wp\/v2\/pages\/994\/revisions"}],"wp:attachment":[{"href":"https:\/\/40to60rh.com\/tr\/wp-json\/wp\/v2\/media?parent=994"}],"curies":[{"name":"wp","href":"https:\/\/api.w.org\/{rel}","templated":true}]}}