{"id":1414,"date":"2020-06-23T10:10:50","date_gmt":"2020-06-23T14:10:50","guid":{"rendered":"https:\/\/migrat40to60rh.wpengine.com\/?page_id=1414"},"modified":"2020-06-23T18:05:12","modified_gmt":"2020-06-23T22:05:12","slug":"relative-humidity-of-40-60-in-buildings-will-reduce-respiratory-infections-and-save-lives","status":"publish","type":"page","link":"https:\/\/40to60rh.com\/pt-br\/","title":{"rendered":"A umidade relativa de 40 a 60% em edif\u00edcios reduzir\u00e1 infec\u00e7\u00f5es respirat\u00f3rias e salvar\u00e1 vidas."},"content":{"rendered":"<p>A Organiza\u00e7\u00e3o Mundial da Sa\u00fade define as diretrizes para a qualidade do ar interno em quest\u00f5es como polui\u00e7\u00e3o e mofo. Atualmente, ela n\u00e3o oferece recomenda\u00e7\u00f5es para um n\u00edvel m\u00ednimo de umidade em edif\u00edcios p\u00fablicos.<\/p>\n<p>Para publicar diretrizes sobre n\u00edveis m\u00ednimos de umidade, os reguladores de normas da constru\u00e7\u00e3o civil, em todo o mundo, precisariam atualizar seus pr\u00f3prios requisitos. E os propriet\u00e1rios e operadores de edif\u00edcios tomariam medidas para melhorar a qualidade do ar interno e atingir esse n\u00edvel m\u00ednimo de umidade.<\/p>\n<p>Essas atitudes resultariam em:<\/p>\n<ul>\n<li>Redu\u00e7\u00e3o significativa das infec\u00e7\u00f5es respirat\u00f3rias causadas por v\u00edrus respirat\u00f3rios sazonais, como a gripe.<\/li>\n<li>Milhares de vidas seriam salvas todos os anos com a redu\u00e7\u00e3o de doen\u00e7as respirat\u00f3rias sazonais.<\/li>\n<li>Os servi\u00e7os globais de sa\u00fade ficariam menos sobrecarregados a cada inverno.<\/li>\n<li>As economias do mundo se beneficiariam amplamente com menos afastamentos do trabalho.<\/li>\n<li>Um ambiente interno mais saud\u00e1vel e mais sa\u00fade para milh\u00f5es de pessoas.<\/li>\n<\/ul>\n<p>Por favor, OMS, ou\u00e7a a ci\u00eancia sobre a umidade interna e aja agora!<\/p>\n<hr \/>\n","protected":false},"excerpt":{"rendered":"<p>A Organiza\u00e7\u00e3o Mundial da Sa\u00fade define as diretrizes para a qualidade do ar interno em quest\u00f5es como polui\u00e7\u00e3o e mofo. Atualmente, ela n\u00e3o oferece recomenda\u00e7\u00f5es para um n\u00edvel m\u00ednimo de umidade em edif\u00edcios p\u00fablicos. Para publicar diretrizes sobre n\u00edveis m\u00ednimos de umidade, os reguladores de normas da constru\u00e7\u00e3o civil, em todo o mundo, precisariam atualizar [&#8230;]<\/p>\n<p><a class=\"btn btn-secondary understrap-read-more-link\" href=\"https:\/\/40to60rh.com\/pt-br\/\">Leia mais&#8230;<span class=\"screen-reader-text\"> from A umidade relativa de 40 a 60% em edif\u00edcios reduzir\u00e1 infec\u00e7\u00f5es respirat\u00f3rias e salvar\u00e1 vidas.<\/span><\/a><\/p>\n","protected":false},"author":1,"featured_media":0,"parent":0,"menu_order":0,"comment_status":"open","ping_status":"open","template":"page-templates\/landingpage.php","meta":{"_acf_changed":false,"footnotes":""},"class_list":["post-1414","page","type-page","status-publish","hentry"],"acf":[],"yoast_head":"<!-- This site is optimized with the Yoast SEO plugin v27.4 - https:\/\/yoast.com\/product\/yoast-seo-wordpress\/ -->\n<title>A umidade relativa de 40 a 60% em edif\u00edcios reduzir\u00e1 infec\u00e7\u00f5es respirat\u00f3rias e salvar\u00e1 vidas. - 40to60RH<\/title>\n<meta name=\"robots\" content=\"index, follow, max-snippet:-1, max-image-preview:large, max-video-preview:-1\" \/>\n<link rel=\"canonical\" href=\"https:\/\/40to60rh.com\/pt-br\/\" \/>\n<meta property=\"og:locale\" content=\"pt_BR\" \/>\n<meta property=\"og:type\" content=\"article\" \/>\n<meta property=\"og:title\" content=\"A umidade relativa de 40 a 60% em edif\u00edcios reduzir\u00e1 infec\u00e7\u00f5es respirat\u00f3rias e salvar\u00e1 vidas. - 40to60RH\" \/>\n<meta property=\"og:description\" content=\"A Organiza\u00e7\u00e3o Mundial da Sa\u00fade define as diretrizes para a qualidade do ar interno em quest\u00f5es como polui\u00e7\u00e3o e mofo. Atualmente, ela n\u00e3o oferece recomenda\u00e7\u00f5es para um n\u00edvel m\u00ednimo de umidade em edif\u00edcios p\u00fablicos. Para publicar diretrizes sobre n\u00edveis m\u00ednimos de umidade, os reguladores de normas da constru\u00e7\u00e3o civil, em todo o mundo, precisariam atualizar [...]Leia mais... from A umidade relativa de 40 a 60% em edif\u00edcios reduzir\u00e1 infec\u00e7\u00f5es respirat\u00f3rias e salvar\u00e1 vidas.\" \/>\n<meta property=\"og:url\" content=\"https:\/\/40to60rh.com\/pt-br\/\" \/>\n<meta property=\"og:site_name\" content=\"40to60RH\" \/>\n<meta property=\"article:modified_time\" content=\"2020-06-23T22:05:12+00:00\" \/>\n<meta property=\"og:image\" content=\"https:\/\/40to60rh.com\/wp-content\/uploads\/2020\/04\/OG-Thumb.png\" \/>\n\t<meta property=\"og:image:width\" content=\"1200\" \/>\n\t<meta property=\"og:image:height\" content=\"1200\" \/>\n\t<meta property=\"og:image:type\" content=\"image\/png\" \/>\n<meta name=\"twitter:card\" content=\"summary_large_image\" \/>\n<meta name=\"twitter:label1\" content=\"Est. tempo de leitura\" \/>\n\t<meta name=\"twitter:data1\" content=\"1 minuto\" \/>\n<script type=\"application\/ld+json\" class=\"yoast-schema-graph\">{\"@context\":\"https:\\\/\\\/schema.org\",\"@graph\":[{\"@type\":\"WebPage\",\"@id\":\"https:\\\/\\\/40to60rh.com\\\/pt-br\\\/\",\"url\":\"https:\\\/\\\/40to60rh.com\\\/pt-br\\\/\",\"name\":\"A umidade relativa de 40 a 60% em edif\u00edcios reduzir\u00e1 infec\u00e7\u00f5es respirat\u00f3rias e salvar\u00e1 vidas. - 40to60RH\",\"isPartOf\":{\"@id\":\"https:\\\/\\\/40to60rh.com\\\/#website\"},\"datePublished\":\"2020-06-23T14:10:50+00:00\",\"dateModified\":\"2020-06-23T22:05:12+00:00\",\"breadcrumb\":{\"@id\":\"https:\\\/\\\/40to60rh.com\\\/pt-br\\\/#breadcrumb\"},\"inLanguage\":\"pt-BR\",\"potentialAction\":[{\"@type\":\"ReadAction\",\"target\":[\"https:\\\/\\\/40to60rh.com\\\/pt-br\\\/\"]}]},{\"@type\":\"BreadcrumbList\",\"@id\":\"https:\\\/\\\/40to60rh.com\\\/pt-br\\\/#breadcrumb\",\"itemListElement\":[{\"@type\":\"ListItem\",\"position\":1,\"name\":\"Home\",\"item\":\"https:\\\/\\\/40to60rh.com\\\/pt-br\\\/\"},{\"@type\":\"ListItem\",\"position\":2,\"name\":\"A umidade relativa de 40 a 60% em edif\u00edcios reduzir\u00e1 infec\u00e7\u00f5es respirat\u00f3rias e salvar\u00e1 vidas.\"}]},{\"@type\":\"WebSite\",\"@id\":\"https:\\\/\\\/40to60rh.com\\\/#website\",\"url\":\"https:\\\/\\\/40to60rh.com\\\/\",\"name\":\"40to60RH\",\"description\":\"A umidade relativa de 40 a 60% em edif\u00edcios reduzir\u00e1 infec\u00e7\u00f5es respirat\u00f3rias e salvar\u00e1 vidas.\",\"publisher\":{\"@id\":\"https:\\\/\\\/40to60rh.com\\\/#organization\"},\"potentialAction\":[{\"@type\":\"SearchAction\",\"target\":{\"@type\":\"EntryPoint\",\"urlTemplate\":\"https:\\\/\\\/40to60rh.com\\\/?s={search_term_string}\"},\"query-input\":{\"@type\":\"PropertyValueSpecification\",\"valueRequired\":true,\"valueName\":\"search_term_string\"}}],\"inLanguage\":\"pt-BR\"},{\"@type\":\"Organization\",\"@id\":\"https:\\\/\\\/40to60rh.com\\\/#organization\",\"name\":\"40to60RH\",\"url\":\"https:\\\/\\\/40to60rh.com\\\/\",\"logo\":{\"@type\":\"ImageObject\",\"inLanguage\":\"pt-BR\",\"@id\":\"https:\\\/\\\/40to60rh.com\\\/#\\\/schema\\\/logo\\\/image\\\/\",\"url\":\"https:\\\/\\\/40to60rh.com\\\/wp-content\\\/uploads\\\/2020\\\/06\\\/40to60RHcom-logo-300x78-1.png\",\"contentUrl\":\"https:\\\/\\\/40to60rh.com\\\/wp-content\\\/uploads\\\/2020\\\/06\\\/40to60RHcom-logo-300x78-1.png\",\"width\":300,\"height\":78,\"caption\":\"40to60RH\"},\"image\":{\"@id\":\"https:\\\/\\\/40to60rh.com\\\/#\\\/schema\\\/logo\\\/image\\\/\"}}]}<\/script>\n<!-- \/ Yoast SEO plugin. -->","yoast_head_json":{"title":"A umidade relativa de 40 a 60% em edif\u00edcios reduzir\u00e1 infec\u00e7\u00f5es respirat\u00f3rias e salvar\u00e1 vidas. - 40to60RH","robots":{"index":"index","follow":"follow","max-snippet":"max-snippet:-1","max-image-preview":"max-image-preview:large","max-video-preview":"max-video-preview:-1"},"canonical":"https:\/\/40to60rh.com\/pt-br\/","og_locale":"pt_BR","og_type":"article","og_title":"A umidade relativa de 40 a 60% em edif\u00edcios reduzir\u00e1 infec\u00e7\u00f5es respirat\u00f3rias e salvar\u00e1 vidas. - 40to60RH","og_description":"A Organiza\u00e7\u00e3o Mundial da Sa\u00fade define as diretrizes para a qualidade do ar interno em quest\u00f5es como polui\u00e7\u00e3o e mofo. Atualmente, ela n\u00e3o oferece recomenda\u00e7\u00f5es para um n\u00edvel m\u00ednimo de umidade em edif\u00edcios p\u00fablicos. Para publicar diretrizes sobre n\u00edveis m\u00ednimos de umidade, os reguladores de normas da constru\u00e7\u00e3o civil, em todo o mundo, precisariam atualizar [...]Leia mais... from A umidade relativa de 40 a 60% em edif\u00edcios reduzir\u00e1 infec\u00e7\u00f5es respirat\u00f3rias e salvar\u00e1 vidas.","og_url":"https:\/\/40to60rh.com\/pt-br\/","og_site_name":"40to60RH","article_modified_time":"2020-06-23T22:05:12+00:00","og_image":[{"width":1200,"height":1200,"url":"https:\/\/40to60rh.com\/wp-content\/uploads\/2020\/04\/OG-Thumb.png","type":"image\/png"}],"twitter_card":"summary_large_image","twitter_misc":{"Est. tempo de leitura":"1 minuto"},"schema":{"@context":"https:\/\/schema.org","@graph":[{"@type":"WebPage","@id":"https:\/\/40to60rh.com\/pt-br\/","url":"https:\/\/40to60rh.com\/pt-br\/","name":"A umidade relativa de 40 a 60% em edif\u00edcios reduzir\u00e1 infec\u00e7\u00f5es respirat\u00f3rias e salvar\u00e1 vidas. - 40to60RH","isPartOf":{"@id":"https:\/\/40to60rh.com\/#website"},"datePublished":"2020-06-23T14:10:50+00:00","dateModified":"2020-06-23T22:05:12+00:00","breadcrumb":{"@id":"https:\/\/40to60rh.com\/pt-br\/#breadcrumb"},"inLanguage":"pt-BR","potentialAction":[{"@type":"ReadAction","target":["https:\/\/40to60rh.com\/pt-br\/"]}]},{"@type":"BreadcrumbList","@id":"https:\/\/40to60rh.com\/pt-br\/#breadcrumb","itemListElement":[{"@type":"ListItem","position":1,"name":"Home","item":"https:\/\/40to60rh.com\/pt-br\/"},{"@type":"ListItem","position":2,"name":"A umidade relativa de 40 a 60% em edif\u00edcios reduzir\u00e1 infec\u00e7\u00f5es respirat\u00f3rias e salvar\u00e1 vidas."}]},{"@type":"WebSite","@id":"https:\/\/40to60rh.com\/#website","url":"https:\/\/40to60rh.com\/","name":"40to60RH","description":"A umidade relativa de 40 a 60% em edif\u00edcios reduzir\u00e1 infec\u00e7\u00f5es respirat\u00f3rias e salvar\u00e1 vidas.","publisher":{"@id":"https:\/\/40to60rh.com\/#organization"},"potentialAction":[{"@type":"SearchAction","target":{"@type":"EntryPoint","urlTemplate":"https:\/\/40to60rh.com\/?s={search_term_string}"},"query-input":{"@type":"PropertyValueSpecification","valueRequired":true,"valueName":"search_term_string"}}],"inLanguage":"pt-BR"},{"@type":"Organization","@id":"https:\/\/40to60rh.com\/#organization","name":"40to60RH","url":"https:\/\/40to60rh.com\/","logo":{"@type":"ImageObject","inLanguage":"pt-BR","@id":"https:\/\/40to60rh.com\/#\/schema\/logo\/image\/","url":"https:\/\/40to60rh.com\/wp-content\/uploads\/2020\/06\/40to60RHcom-logo-300x78-1.png","contentUrl":"https:\/\/40to60rh.com\/wp-content\/uploads\/2020\/06\/40to60RHcom-logo-300x78-1.png","width":300,"height":78,"caption":"40to60RH"},"image":{"@id":"https:\/\/40to60rh.com\/#\/schema\/logo\/image\/"}}]}},"_links":{"self":[{"href":"https:\/\/40to60rh.com\/pt-br\/wp-json\/wp\/v2\/pages\/1414","targetHints":{"allow":["GET"]}}],"collection":[{"href":"https:\/\/40to60rh.com\/pt-br\/wp-json\/wp\/v2\/pages"}],"about":[{"href":"https:\/\/40to60rh.com\/pt-br\/wp-json\/wp\/v2\/types\/page"}],"author":[{"embeddable":true,"href":"https:\/\/40to60rh.com\/pt-br\/wp-json\/wp\/v2\/users\/1"}],"replies":[{"embeddable":true,"href":"https:\/\/40to60rh.com\/pt-br\/wp-json\/wp\/v2\/comments?post=1414"}],"version-history":[{"count":0,"href":"https:\/\/40to60rh.com\/pt-br\/wp-json\/wp\/v2\/pages\/1414\/revisions"}],"wp:attachment":[{"href":"https:\/\/40to60rh.com\/pt-br\/wp-json\/wp\/v2\/media?parent=1414"}],"curies":[{"name":"wp","href":"https:\/\/api.w.org\/{rel}","templated":true}]}}