{"id":734,"date":"2020-05-28T12:03:53","date_gmt":"2020-05-28T16:03:53","guid":{"rendered":"https:\/\/migrat40to60rh.wpengine.com\/?page_id=734"},"modified":"2020-05-28T14:43:00","modified_gmt":"2020-05-28T18:43:00","slug":"relative-humidity-of-40-60-in-buildings-will-reduce-respiratory-infections-and-save-lives","status":"publish","type":"page","link":"https:\/\/40to60rh.com\/it\/","title":{"rendered":"L&#8217;umidit\u00e0 relativa del 40-60% negli edifici riduce le infezioni respiratorie e salva vite umane."},"content":{"rendered":"<p>L&#8217;Organizzazione Mondiale della Sanit\u00e0 stabilisce linee guida per la qualit\u00e0 dell&#8217;aria interna su problematiche come l&#8217;inquinamento e le muffe. Attualmente non offre alcuna raccomandazione per un livello minimo di umidit\u00e0 negli edifici pubblici.<\/p>\n<p>Se venisse pubblicata una guida sui livelli minimi di umidit\u00e0, i regolatori degli standard edilizi di tutto il mondo dovrebbero aggiornare i propri requisiti. I proprietari e gli operatori degli edifici dovrebbero poi prendere provvedimenti per migliorare la qualit\u00e0 dell&#8217;aria interna per soddisfare questo livello minimo di umidit\u00e0.<\/p>\n<p>Di seguito sono riportati i benefici che ne deriverebbero:<\/p>\n<ul>\n<li>Notevole riduzione delle infezioni respiratorie da virus respiratori stagionali, come l&#8217;influenza.<\/li>\n<li>Migliaia di vite salvate ogni anno dalla riduzione delle malattie respiratorie stagionali.<\/li>\n<li>Sempre meno sovraccarico di lavoro per i servizi sanitari globali ogni inverno.<\/li>\n<li>Minore assenteismo a beneficio delle economie mondiali.<\/li>\n<li>Un ambiente interno pi\u00f9 sano e una salute migliore per milioni di persone.<\/li>\n<\/ul>\n<p><span style=\"font-weight: 400;\">Invito l&#8217;OMS ad ascoltare la scienza sull&#8217;umidit\u00e0 interna e ad agire subito!<\/span><\/p>\n<hr \/>\n","protected":false},"excerpt":{"rendered":"<p>L&#8217;Organizzazione Mondiale della Sanit\u00e0 stabilisce linee guida per la qualit\u00e0 dell&#8217;aria interna su problematiche come l&#8217;inquinamento e le muffe. Attualmente non offre alcuna raccomandazione per un livello minimo di umidit\u00e0 negli edifici pubblici. Se venisse pubblicata una guida sui livelli minimi di umidit\u00e0, i regolatori degli standard edilizi di tutto il mondo dovrebbero aggiornare i [&#8230;]<\/p>\n<p><a class=\"btn btn-secondary understrap-read-more-link\" href=\"https:\/\/40to60rh.com\/it\/\">Leggi di pi\u00f9&#8230;<span class=\"screen-reader-text\"> from L&#8217;umidit\u00e0 relativa del 40-60% negli edifici riduce le infezioni respiratorie e salva vite umane.<\/span><\/a><\/p>\n","protected":false},"author":1,"featured_media":0,"parent":0,"menu_order":0,"comment_status":"open","ping_status":"open","template":"page-templates\/landingpage.php","meta":{"_acf_changed":false,"footnotes":""},"class_list":["post-734","page","type-page","status-publish","hentry"],"acf":[],"yoast_head":"<!-- This site is optimized with the Yoast SEO plugin v27.3 - https:\/\/yoast.com\/product\/yoast-seo-wordpress\/ -->\n<title>L&#039;umidit\u00e0 relativa del 40-60% negli edifici riduce le infezioni respiratorie e salva vite umane. - 40to60RH<\/title>\n<meta name=\"robots\" content=\"index, follow, max-snippet:-1, max-image-preview:large, max-video-preview:-1\" \/>\n<link rel=\"canonical\" href=\"https:\/\/40to60rh.com\/it\/\" \/>\n<meta property=\"og:locale\" content=\"it_IT\" \/>\n<meta property=\"og:type\" content=\"article\" \/>\n<meta property=\"og:title\" content=\"L&#039;umidit\u00e0 relativa del 40-60% negli edifici riduce le infezioni respiratorie e salva vite umane. - 40to60RH\" \/>\n<meta property=\"og:description\" content=\"L&#8217;Organizzazione Mondiale della Sanit\u00e0 stabilisce linee guida per la qualit\u00e0 dell&#8217;aria interna su problematiche come l&#8217;inquinamento e le muffe. Attualmente non offre alcuna raccomandazione per un livello minimo di umidit\u00e0 negli edifici pubblici. Se venisse pubblicata una guida sui livelli minimi di umidit\u00e0, i regolatori degli standard edilizi di tutto il mondo dovrebbero aggiornare i [...]Leggi di pi\u00f9... from L&#8217;umidit\u00e0 relativa del 40-60% negli edifici riduce le infezioni respiratorie e salva vite umane.\" \/>\n<meta property=\"og:url\" content=\"https:\/\/40to60rh.com\/it\/\" \/>\n<meta property=\"og:site_name\" content=\"40to60RH\" \/>\n<meta property=\"article:modified_time\" content=\"2020-05-28T18:43:00+00:00\" \/>\n<meta property=\"og:image\" content=\"https:\/\/40to60rh.com\/wp-content\/uploads\/2020\/04\/OG-Thumb.png\" \/>\n\t<meta property=\"og:image:width\" content=\"1200\" \/>\n\t<meta property=\"og:image:height\" content=\"1200\" \/>\n\t<meta property=\"og:image:type\" content=\"image\/png\" \/>\n<meta name=\"twitter:card\" content=\"summary_large_image\" \/>\n<meta name=\"twitter:label1\" content=\"Tempo di lettura stimato\" \/>\n\t<meta name=\"twitter:data1\" content=\"1 minuto\" \/>\n<script type=\"application\/ld+json\" class=\"yoast-schema-graph\">{\"@context\":\"https:\\\/\\\/schema.org\",\"@graph\":[{\"@type\":\"WebPage\",\"@id\":\"https:\\\/\\\/40to60rh.com\\\/it\\\/\",\"url\":\"https:\\\/\\\/40to60rh.com\\\/it\\\/\",\"name\":\"L'umidit\u00e0 relativa del 40-60% negli edifici riduce le infezioni respiratorie e salva vite umane. - 40to60RH\",\"isPartOf\":{\"@id\":\"https:\\\/\\\/40to60rh.com\\\/#website\"},\"datePublished\":\"2020-05-28T16:03:53+00:00\",\"dateModified\":\"2020-05-28T18:43:00+00:00\",\"breadcrumb\":{\"@id\":\"https:\\\/\\\/40to60rh.com\\\/it\\\/#breadcrumb\"},\"inLanguage\":\"it-IT\",\"potentialAction\":[{\"@type\":\"ReadAction\",\"target\":[\"https:\\\/\\\/40to60rh.com\\\/it\\\/\"]}]},{\"@type\":\"BreadcrumbList\",\"@id\":\"https:\\\/\\\/40to60rh.com\\\/it\\\/#breadcrumb\",\"itemListElement\":[{\"@type\":\"ListItem\",\"position\":1,\"name\":\"Home\",\"item\":\"https:\\\/\\\/40to60rh.com\\\/it\\\/\"},{\"@type\":\"ListItem\",\"position\":2,\"name\":\"L&#8217;umidit\u00e0 relativa del 40-60% negli edifici riduce le infezioni respiratorie e salva vite umane.\"}]},{\"@type\":\"WebSite\",\"@id\":\"https:\\\/\\\/40to60rh.com\\\/#website\",\"url\":\"https:\\\/\\\/40to60rh.com\\\/\",\"name\":\"40to60RH\",\"description\":\"L'umidit\u00e0 relativa del 40-60% negli edifici riduce le infezioni respiratorie e salva vite umane.\",\"publisher\":{\"@id\":\"https:\\\/\\\/40to60rh.com\\\/#organization\"},\"potentialAction\":[{\"@type\":\"SearchAction\",\"target\":{\"@type\":\"EntryPoint\",\"urlTemplate\":\"https:\\\/\\\/40to60rh.com\\\/?s={search_term_string}\"},\"query-input\":{\"@type\":\"PropertyValueSpecification\",\"valueRequired\":true,\"valueName\":\"search_term_string\"}}],\"inLanguage\":\"it-IT\"},{\"@type\":\"Organization\",\"@id\":\"https:\\\/\\\/40to60rh.com\\\/#organization\",\"name\":\"40to60RH\",\"url\":\"https:\\\/\\\/40to60rh.com\\\/\",\"logo\":{\"@type\":\"ImageObject\",\"inLanguage\":\"it-IT\",\"@id\":\"https:\\\/\\\/40to60rh.com\\\/#\\\/schema\\\/logo\\\/image\\\/\",\"url\":\"https:\\\/\\\/40to60rh.com\\\/wp-content\\\/uploads\\\/2020\\\/06\\\/40to60RHcom-logo-300x78-1.png\",\"contentUrl\":\"https:\\\/\\\/40to60rh.com\\\/wp-content\\\/uploads\\\/2020\\\/06\\\/40to60RHcom-logo-300x78-1.png\",\"width\":300,\"height\":78,\"caption\":\"40to60RH\"},\"image\":{\"@id\":\"https:\\\/\\\/40to60rh.com\\\/#\\\/schema\\\/logo\\\/image\\\/\"}}]}<\/script>\n<!-- \/ Yoast SEO plugin. -->","yoast_head_json":{"title":"L'umidit\u00e0 relativa del 40-60% negli edifici riduce le infezioni respiratorie e salva vite umane. - 40to60RH","robots":{"index":"index","follow":"follow","max-snippet":"max-snippet:-1","max-image-preview":"max-image-preview:large","max-video-preview":"max-video-preview:-1"},"canonical":"https:\/\/40to60rh.com\/it\/","og_locale":"it_IT","og_type":"article","og_title":"L'umidit\u00e0 relativa del 40-60% negli edifici riduce le infezioni respiratorie e salva vite umane. - 40to60RH","og_description":"L&#8217;Organizzazione Mondiale della Sanit\u00e0 stabilisce linee guida per la qualit\u00e0 dell&#8217;aria interna su problematiche come l&#8217;inquinamento e le muffe. Attualmente non offre alcuna raccomandazione per un livello minimo di umidit\u00e0 negli edifici pubblici. Se venisse pubblicata una guida sui livelli minimi di umidit\u00e0, i regolatori degli standard edilizi di tutto il mondo dovrebbero aggiornare i [...]Leggi di pi\u00f9... from L&#8217;umidit\u00e0 relativa del 40-60% negli edifici riduce le infezioni respiratorie e salva vite umane.","og_url":"https:\/\/40to60rh.com\/it\/","og_site_name":"40to60RH","article_modified_time":"2020-05-28T18:43:00+00:00","og_image":[{"width":1200,"height":1200,"url":"https:\/\/40to60rh.com\/wp-content\/uploads\/2020\/04\/OG-Thumb.png","type":"image\/png"}],"twitter_card":"summary_large_image","twitter_misc":{"Tempo di lettura stimato":"1 minuto"},"schema":{"@context":"https:\/\/schema.org","@graph":[{"@type":"WebPage","@id":"https:\/\/40to60rh.com\/it\/","url":"https:\/\/40to60rh.com\/it\/","name":"L'umidit\u00e0 relativa del 40-60% negli edifici riduce le infezioni respiratorie e salva vite umane. - 40to60RH","isPartOf":{"@id":"https:\/\/40to60rh.com\/#website"},"datePublished":"2020-05-28T16:03:53+00:00","dateModified":"2020-05-28T18:43:00+00:00","breadcrumb":{"@id":"https:\/\/40to60rh.com\/it\/#breadcrumb"},"inLanguage":"it-IT","potentialAction":[{"@type":"ReadAction","target":["https:\/\/40to60rh.com\/it\/"]}]},{"@type":"BreadcrumbList","@id":"https:\/\/40to60rh.com\/it\/#breadcrumb","itemListElement":[{"@type":"ListItem","position":1,"name":"Home","item":"https:\/\/40to60rh.com\/it\/"},{"@type":"ListItem","position":2,"name":"L&#8217;umidit\u00e0 relativa del 40-60% negli edifici riduce le infezioni respiratorie e salva vite umane."}]},{"@type":"WebSite","@id":"https:\/\/40to60rh.com\/#website","url":"https:\/\/40to60rh.com\/","name":"40to60RH","description":"L'umidit\u00e0 relativa del 40-60% negli edifici riduce le infezioni respiratorie e salva vite umane.","publisher":{"@id":"https:\/\/40to60rh.com\/#organization"},"potentialAction":[{"@type":"SearchAction","target":{"@type":"EntryPoint","urlTemplate":"https:\/\/40to60rh.com\/?s={search_term_string}"},"query-input":{"@type":"PropertyValueSpecification","valueRequired":true,"valueName":"search_term_string"}}],"inLanguage":"it-IT"},{"@type":"Organization","@id":"https:\/\/40to60rh.com\/#organization","name":"40to60RH","url":"https:\/\/40to60rh.com\/","logo":{"@type":"ImageObject","inLanguage":"it-IT","@id":"https:\/\/40to60rh.com\/#\/schema\/logo\/image\/","url":"https:\/\/40to60rh.com\/wp-content\/uploads\/2020\/06\/40to60RHcom-logo-300x78-1.png","contentUrl":"https:\/\/40to60rh.com\/wp-content\/uploads\/2020\/06\/40to60RHcom-logo-300x78-1.png","width":300,"height":78,"caption":"40to60RH"},"image":{"@id":"https:\/\/40to60rh.com\/#\/schema\/logo\/image\/"}}]}},"_links":{"self":[{"href":"https:\/\/40to60rh.com\/it\/wp-json\/wp\/v2\/pages\/734","targetHints":{"allow":["GET"]}}],"collection":[{"href":"https:\/\/40to60rh.com\/it\/wp-json\/wp\/v2\/pages"}],"about":[{"href":"https:\/\/40to60rh.com\/it\/wp-json\/wp\/v2\/types\/page"}],"author":[{"embeddable":true,"href":"https:\/\/40to60rh.com\/it\/wp-json\/wp\/v2\/users\/1"}],"replies":[{"embeddable":true,"href":"https:\/\/40to60rh.com\/it\/wp-json\/wp\/v2\/comments?post=734"}],"version-history":[{"count":0,"href":"https:\/\/40to60rh.com\/it\/wp-json\/wp\/v2\/pages\/734\/revisions"}],"wp:attachment":[{"href":"https:\/\/40to60rh.com\/it\/wp-json\/wp\/v2\/media?parent=734"}],"curies":[{"name":"wp","href":"https:\/\/api.w.org\/{rel}","templated":true}]}}