{"id":58,"date":"2020-03-19T16:59:48","date_gmt":"2020-03-19T20:59:48","guid":{"rendered":"https:\/\/migrat40to60rh.wpengine.com\/sample-page\/"},"modified":"2020-05-26T13:42:29","modified_gmt":"2020-05-26T17:42:29","slug":"sample-page","status":"publish","type":"page","link":"https:\/\/40to60rh.com\/fr\/","title":{"rendered":"Une humidit\u00e9 relative de 40 \u00e0 60 % \u00e0 l&rsquo;int\u00e9rieur des b\u00e2timents permettra de r\u00e9duire les infections respiratoires et de sauver des vies."},"content":{"rendered":"<p>L&rsquo;Organisation mondiale de la Sant\u00e9 d\u00e9finit des crit\u00e8res d&rsquo;une bonne qualit\u00e9 de l&rsquo;air int\u00e9rieur, en ce qui concerne notamment les polluants et les moisissures. Elle ne sugg\u00e8re actuellement aucune recommandation quant \u00e0 un taux d&rsquo;humidit\u00e9 minimum \u00e0 respecter dans les b\u00e2timents publics.<\/p>\n<p>Si elle pouvait proposer des crit\u00e8res concernant les niveaux minimums d&rsquo;humidit\u00e9, les organismes de r\u00e9glementation des normes de construction du monde entier seraient oblig\u00e9s de mettre \u00e0 jour leurs propres exigences. Les propri\u00e9taires et exploitants de b\u00e2timents prendraient alors des mesures visant \u00e0 am\u00e9liorer la qualit\u00e9 de l&rsquo;air int\u00e9rieur pour atteindre ce niveau d&rsquo;humidit\u00e9 minimal.<\/p>\n<p>Ce qui conduirait aux situations suivantes:<\/p>\n<ul>\n<li>Les infections respiratoires dues aux virus respiratoires saisonniers, comme la grippe, seraient consid\u00e9rablement r\u00e9duites.<\/li>\n<li>Des milliers de vies seraient sauv\u00e9es chaque ann\u00e9e gr\u00e2ce \u00e0 la r\u00e9duction des maladies respiratoires saisonni\u00e8res.<\/li>\n<li>Les services de sant\u00e9 mondiaux seraient moins sollicit\u00e9s chaque hiver.<\/li>\n<li>Les \u00e9conomies mondiales b\u00e9n\u00e9ficieraient massivement d&rsquo;une baisse de l&rsquo;absent\u00e9isme.<\/li>\n<li>Un environnement int\u00e9rieur plus sain et une meilleure sant\u00e9 pour des millions de personnes.<\/li>\n<\/ul>\n<p><span style=\"font-weight: 400;\">S\u2019il vous pla\u00eet, OMS, \u00e9coutez <\/span><span style=\"font-weight: 400;\">les scientifiques <\/span><span style=\"font-weight: 400;\">sur l\u2019humidit\u00e9 int\u00e9rieure et agissez maintenant !<\/span><\/p>\n<hr \/>\n","protected":false},"excerpt":{"rendered":"<p>L&rsquo;Organisation mondiale de la Sant\u00e9 d\u00e9finit des crit\u00e8res d&rsquo;une bonne qualit\u00e9 de l&rsquo;air int\u00e9rieur, en ce qui concerne notamment les polluants et les moisissures. Elle ne sugg\u00e8re actuellement aucune recommandation quant \u00e0 un taux d&rsquo;humidit\u00e9 minimum \u00e0 respecter dans les b\u00e2timents publics. Si elle pouvait proposer des crit\u00e8res concernant les niveaux minimums d&rsquo;humidit\u00e9, les organismes [&#8230;]<\/p>\n<p><a class=\"btn btn-secondary understrap-read-more-link\" href=\"https:\/\/40to60rh.com\/fr\/\">Lire la suite\u2026<span class=\"screen-reader-text\"> from Une humidit\u00e9 relative de 40 \u00e0 60 % \u00e0 l&rsquo;int\u00e9rieur des b\u00e2timents permettra de r\u00e9duire les infections respiratoires et de sauver des vies.<\/span><\/a><\/p>\n","protected":false},"author":1,"featured_media":0,"parent":0,"menu_order":0,"comment_status":"open","ping_status":"open","template":"page-templates\/landingpage.php","meta":{"_acf_changed":false,"footnotes":""},"class_list":["post-58","page","type-page","status-publish","hentry"],"acf":[],"yoast_head":"<!-- This site is optimized with the Yoast SEO plugin v27.3 - https:\/\/yoast.com\/product\/yoast-seo-wordpress\/ -->\n<title>Une humidit\u00e9 relative de 40 \u00e0 60 % \u00e0 l&#039;int\u00e9rieur des b\u00e2timents permettra de r\u00e9duire les infections respiratoires et de sauver des vies. - 40to60RH<\/title>\n<meta name=\"robots\" content=\"index, follow, max-snippet:-1, max-image-preview:large, max-video-preview:-1\" \/>\n<link rel=\"canonical\" href=\"https:\/\/40to60rh.com\/fr\/\" \/>\n<meta property=\"og:locale\" content=\"fr_FR\" \/>\n<meta property=\"og:type\" content=\"article\" \/>\n<meta property=\"og:title\" content=\"Une humidit\u00e9 relative de 40 \u00e0 60 % \u00e0 l&#039;int\u00e9rieur des b\u00e2timents permettra de r\u00e9duire les infections respiratoires et de sauver des vies. - 40to60RH\" \/>\n<meta property=\"og:description\" content=\"L&rsquo;Organisation mondiale de la Sant\u00e9 d\u00e9finit des crit\u00e8res d&rsquo;une bonne qualit\u00e9 de l&rsquo;air int\u00e9rieur, en ce qui concerne notamment les polluants et les moisissures. Elle ne sugg\u00e8re actuellement aucune recommandation quant \u00e0 un taux d&rsquo;humidit\u00e9 minimum \u00e0 respecter dans les b\u00e2timents publics. Si elle pouvait proposer des crit\u00e8res concernant les niveaux minimums d&rsquo;humidit\u00e9, les organismes [...]Lire la suite\u2026 from Une humidit\u00e9 relative de 40 \u00e0 60 % \u00e0 l&rsquo;int\u00e9rieur des b\u00e2timents permettra de r\u00e9duire les infections respiratoires et de sauver des vies.\" \/>\n<meta property=\"og:url\" content=\"https:\/\/40to60rh.com\/fr\/\" \/>\n<meta property=\"og:site_name\" content=\"40to60RH\" \/>\n<meta property=\"article:modified_time\" content=\"2020-05-26T17:42:29+00:00\" \/>\n<meta property=\"og:image\" content=\"https:\/\/40to60rh.com\/wp-content\/uploads\/2020\/04\/OG-Thumb.png\" \/>\n\t<meta property=\"og:image:width\" content=\"1200\" \/>\n\t<meta property=\"og:image:height\" content=\"1200\" \/>\n\t<meta property=\"og:image:type\" content=\"image\/png\" \/>\n<meta name=\"twitter:card\" content=\"summary_large_image\" \/>\n<meta name=\"twitter:label1\" content=\"Dur\u00e9e de lecture estim\u00e9e\" \/>\n\t<meta name=\"twitter:data1\" content=\"1 minute\" \/>\n<script type=\"application\/ld+json\" class=\"yoast-schema-graph\">{\"@context\":\"https:\\\/\\\/schema.org\",\"@graph\":[{\"@type\":\"WebPage\",\"@id\":\"https:\\\/\\\/40to60rh.com\\\/fr\\\/\",\"url\":\"https:\\\/\\\/40to60rh.com\\\/fr\\\/\",\"name\":\"Une humidit\u00e9 relative de 40 \u00e0 60 % \u00e0 l'int\u00e9rieur des b\u00e2timents permettra de r\u00e9duire les infections respiratoires et de sauver des vies. - 40to60RH\",\"isPartOf\":{\"@id\":\"https:\\\/\\\/40to60rh.com\\\/#website\"},\"datePublished\":\"2020-03-19T20:59:48+00:00\",\"dateModified\":\"2020-05-26T17:42:29+00:00\",\"breadcrumb\":{\"@id\":\"https:\\\/\\\/40to60rh.com\\\/fr\\\/#breadcrumb\"},\"inLanguage\":\"fr-FR\",\"potentialAction\":[{\"@type\":\"ReadAction\",\"target\":[\"https:\\\/\\\/40to60rh.com\\\/fr\\\/\"]}]},{\"@type\":\"BreadcrumbList\",\"@id\":\"https:\\\/\\\/40to60rh.com\\\/fr\\\/#breadcrumb\",\"itemListElement\":[{\"@type\":\"ListItem\",\"position\":1,\"name\":\"Home\",\"item\":\"https:\\\/\\\/40to60rh.com\\\/fr\\\/\"},{\"@type\":\"ListItem\",\"position\":2,\"name\":\"Une humidit\u00e9 relative de 40 \u00e0 60 % \u00e0 l&rsquo;int\u00e9rieur des b\u00e2timents permettra de r\u00e9duire les infections respiratoires et de sauver des vies.\"}]},{\"@type\":\"WebSite\",\"@id\":\"https:\\\/\\\/40to60rh.com\\\/#website\",\"url\":\"https:\\\/\\\/40to60rh.com\\\/\",\"name\":\"40to60RH\",\"description\":\"Une humidit\u00e9 relative de 40 \u00e0 60 % \u00e0 l'int\u00e9rieur des b\u00e2timents permettra de r\u00e9duire les infections respiratoires et de sauver des vies.\",\"publisher\":{\"@id\":\"https:\\\/\\\/40to60rh.com\\\/#organization\"},\"potentialAction\":[{\"@type\":\"SearchAction\",\"target\":{\"@type\":\"EntryPoint\",\"urlTemplate\":\"https:\\\/\\\/40to60rh.com\\\/?s={search_term_string}\"},\"query-input\":{\"@type\":\"PropertyValueSpecification\",\"valueRequired\":true,\"valueName\":\"search_term_string\"}}],\"inLanguage\":\"fr-FR\"},{\"@type\":\"Organization\",\"@id\":\"https:\\\/\\\/40to60rh.com\\\/#organization\",\"name\":\"40to60RH\",\"url\":\"https:\\\/\\\/40to60rh.com\\\/\",\"logo\":{\"@type\":\"ImageObject\",\"inLanguage\":\"fr-FR\",\"@id\":\"https:\\\/\\\/40to60rh.com\\\/#\\\/schema\\\/logo\\\/image\\\/\",\"url\":\"https:\\\/\\\/40to60rh.com\\\/wp-content\\\/uploads\\\/2020\\\/06\\\/40to60RHcom-logo-300x78-1.png\",\"contentUrl\":\"https:\\\/\\\/40to60rh.com\\\/wp-content\\\/uploads\\\/2020\\\/06\\\/40to60RHcom-logo-300x78-1.png\",\"width\":300,\"height\":78,\"caption\":\"40to60RH\"},\"image\":{\"@id\":\"https:\\\/\\\/40to60rh.com\\\/#\\\/schema\\\/logo\\\/image\\\/\"}}]}<\/script>\n<!-- \/ Yoast SEO plugin. -->","yoast_head_json":{"title":"Une humidit\u00e9 relative de 40 \u00e0 60 % \u00e0 l'int\u00e9rieur des b\u00e2timents permettra de r\u00e9duire les infections respiratoires et de sauver des vies. - 40to60RH","robots":{"index":"index","follow":"follow","max-snippet":"max-snippet:-1","max-image-preview":"max-image-preview:large","max-video-preview":"max-video-preview:-1"},"canonical":"https:\/\/40to60rh.com\/fr\/","og_locale":"fr_FR","og_type":"article","og_title":"Une humidit\u00e9 relative de 40 \u00e0 60 % \u00e0 l'int\u00e9rieur des b\u00e2timents permettra de r\u00e9duire les infections respiratoires et de sauver des vies. - 40to60RH","og_description":"L&rsquo;Organisation mondiale de la Sant\u00e9 d\u00e9finit des crit\u00e8res d&rsquo;une bonne qualit\u00e9 de l&rsquo;air int\u00e9rieur, en ce qui concerne notamment les polluants et les moisissures. Elle ne sugg\u00e8re actuellement aucune recommandation quant \u00e0 un taux d&rsquo;humidit\u00e9 minimum \u00e0 respecter dans les b\u00e2timents publics. Si elle pouvait proposer des crit\u00e8res concernant les niveaux minimums d&rsquo;humidit\u00e9, les organismes [...]Lire la suite\u2026 from Une humidit\u00e9 relative de 40 \u00e0 60 % \u00e0 l&rsquo;int\u00e9rieur des b\u00e2timents permettra de r\u00e9duire les infections respiratoires et de sauver des vies.","og_url":"https:\/\/40to60rh.com\/fr\/","og_site_name":"40to60RH","article_modified_time":"2020-05-26T17:42:29+00:00","og_image":[{"width":1200,"height":1200,"url":"https:\/\/40to60rh.com\/wp-content\/uploads\/2020\/04\/OG-Thumb.png","type":"image\/png"}],"twitter_card":"summary_large_image","twitter_misc":{"Dur\u00e9e de lecture estim\u00e9e":"1 minute"},"schema":{"@context":"https:\/\/schema.org","@graph":[{"@type":"WebPage","@id":"https:\/\/40to60rh.com\/fr\/","url":"https:\/\/40to60rh.com\/fr\/","name":"Une humidit\u00e9 relative de 40 \u00e0 60 % \u00e0 l'int\u00e9rieur des b\u00e2timents permettra de r\u00e9duire les infections respiratoires et de sauver des vies. - 40to60RH","isPartOf":{"@id":"https:\/\/40to60rh.com\/#website"},"datePublished":"2020-03-19T20:59:48+00:00","dateModified":"2020-05-26T17:42:29+00:00","breadcrumb":{"@id":"https:\/\/40to60rh.com\/fr\/#breadcrumb"},"inLanguage":"fr-FR","potentialAction":[{"@type":"ReadAction","target":["https:\/\/40to60rh.com\/fr\/"]}]},{"@type":"BreadcrumbList","@id":"https:\/\/40to60rh.com\/fr\/#breadcrumb","itemListElement":[{"@type":"ListItem","position":1,"name":"Home","item":"https:\/\/40to60rh.com\/fr\/"},{"@type":"ListItem","position":2,"name":"Une humidit\u00e9 relative de 40 \u00e0 60 % \u00e0 l&rsquo;int\u00e9rieur des b\u00e2timents permettra de r\u00e9duire les infections respiratoires et de sauver des vies."}]},{"@type":"WebSite","@id":"https:\/\/40to60rh.com\/#website","url":"https:\/\/40to60rh.com\/","name":"40to60RH","description":"Une humidit\u00e9 relative de 40 \u00e0 60 % \u00e0 l'int\u00e9rieur des b\u00e2timents permettra de r\u00e9duire les infections respiratoires et de sauver des vies.","publisher":{"@id":"https:\/\/40to60rh.com\/#organization"},"potentialAction":[{"@type":"SearchAction","target":{"@type":"EntryPoint","urlTemplate":"https:\/\/40to60rh.com\/?s={search_term_string}"},"query-input":{"@type":"PropertyValueSpecification","valueRequired":true,"valueName":"search_term_string"}}],"inLanguage":"fr-FR"},{"@type":"Organization","@id":"https:\/\/40to60rh.com\/#organization","name":"40to60RH","url":"https:\/\/40to60rh.com\/","logo":{"@type":"ImageObject","inLanguage":"fr-FR","@id":"https:\/\/40to60rh.com\/#\/schema\/logo\/image\/","url":"https:\/\/40to60rh.com\/wp-content\/uploads\/2020\/06\/40to60RHcom-logo-300x78-1.png","contentUrl":"https:\/\/40to60rh.com\/wp-content\/uploads\/2020\/06\/40to60RHcom-logo-300x78-1.png","width":300,"height":78,"caption":"40to60RH"},"image":{"@id":"https:\/\/40to60rh.com\/#\/schema\/logo\/image\/"}}]}},"_links":{"self":[{"href":"https:\/\/40to60rh.com\/fr\/wp-json\/wp\/v2\/pages\/58","targetHints":{"allow":["GET"]}}],"collection":[{"href":"https:\/\/40to60rh.com\/fr\/wp-json\/wp\/v2\/pages"}],"about":[{"href":"https:\/\/40to60rh.com\/fr\/wp-json\/wp\/v2\/types\/page"}],"author":[{"embeddable":true,"href":"https:\/\/40to60rh.com\/fr\/wp-json\/wp\/v2\/users\/1"}],"replies":[{"embeddable":true,"href":"https:\/\/40to60rh.com\/fr\/wp-json\/wp\/v2\/comments?post=58"}],"version-history":[{"count":0,"href":"https:\/\/40to60rh.com\/fr\/wp-json\/wp\/v2\/pages\/58\/revisions"}],"wp:attachment":[{"href":"https:\/\/40to60rh.com\/fr\/wp-json\/wp\/v2\/media?parent=58"}],"curies":[{"name":"wp","href":"https:\/\/api.w.org\/{rel}","templated":true}]}}