{"id":351,"date":"2020-05-14T14:40:52","date_gmt":"2020-05-14T18:40:52","guid":{"rendered":"https:\/\/migrat40to60rh.wpengine.com\/?page_id=351"},"modified":"2020-05-19T15:26:09","modified_gmt":"2020-05-19T19:26:09","slug":"relative-humidity-of-40-60-in-buildings-will-reduce-respiratory-infections-and-save-lives","status":"publish","type":"page","link":"https:\/\/40to60rh.com\/es\/","title":{"rendered":"Relative humidity of 40-60% in buildings will reduce respiratory infections and save lives."},"content":{"rendered":"<p>La Organizaci\u00f3n Mundial de la Salud establece las pautas para la calidad del aire interior en relaci\u00f3n con temas como la contaminaci\u00f3n y el moho. En la actualidad no ofrece recomendaciones relativas a un nivel de humedad m\u00ednimo en edificios p\u00fablicos.<\/p>\n<p>Si publicara unas directrices sobre los niveles m\u00ednimos de humedad, los legisladores responsables de la normativa aplicable a edificios de todo el mundo tendr\u00edan que actualizar sus propios requisitos. En ese caso, los propietarios y operadores de edificios adoptar\u00edan medidas para mejorar la calidad del aire interior a fin de cumplir ese nivel de humedad m\u00ednimo.<\/p>\n<p>Esto conllevar\u00eda:<\/p>\n<ul>\n<li>Una reducci\u00f3n significativa de las infecciones respiratorias causadas por virus estacionales como la gripe.<\/li>\n<li>Salvar miles de vidas cada a\u00f1o por la reducci\u00f3n de las enfermedades respiratorias estacionales.<\/li>\n<li>Una reducci\u00f3n de la carga de los servicios sanitarios del mundo cada invierno.<\/li>\n<li>Enormes ventajas para la econom\u00eda mundial debido a la disminuci\u00f3n del absentismo.<\/li>\n<li>Ambientes interiores m\u00e1s sanos y una mejora de la salud de millones de personas.<\/li>\n<\/ul>\n<p>Por favor, se\u00f1ores de la OMS, \u00a1escuchen lo que la ciencia tiene que decir sobre la humedad interior y act\u00faen ahora!<\/p>\n<hr \/>\n","protected":false},"excerpt":{"rendered":"<p>La Organizaci\u00f3n Mundial de la Salud establece las pautas para la calidad del aire interior en relaci\u00f3n con temas como la contaminaci\u00f3n y el moho. En la actualidad no ofrece recomendaciones relativas a un nivel de humedad m\u00ednimo en edificios p\u00fablicos. Si publicara unas directrices sobre los niveles m\u00ednimos de humedad, los legisladores responsables de [&#8230;]<\/p>\n<p><a class=\"btn btn-secondary understrap-read-more-link\" href=\"https:\/\/40to60rh.com\/es\/\">Leer m\u00e1s&#8230;<span class=\"screen-reader-text\"> from Relative humidity of 40-60% in buildings will reduce respiratory infections and save lives.<\/span><\/a><\/p>\n","protected":false},"author":1,"featured_media":0,"parent":0,"menu_order":0,"comment_status":"open","ping_status":"open","template":"page-templates\/landingpage.php","meta":{"_acf_changed":false,"footnotes":""},"class_list":["post-351","page","type-page","status-publish","hentry"],"acf":[],"yoast_head":"<!-- This site is optimized with the Yoast SEO plugin v27.4 - https:\/\/yoast.com\/product\/yoast-seo-wordpress\/ -->\n<title>Relative humidity of 40-60% in buildings will reduce respiratory infections and save lives. - 40to60RH<\/title>\n<meta name=\"robots\" content=\"index, follow, max-snippet:-1, max-image-preview:large, max-video-preview:-1\" \/>\n<link rel=\"canonical\" href=\"https:\/\/40to60rh.com\/es\/\" \/>\n<meta property=\"og:locale\" content=\"es_ES\" \/>\n<meta property=\"og:type\" content=\"article\" \/>\n<meta property=\"og:title\" content=\"Relative humidity of 40-60% in buildings will reduce respiratory infections and save lives. - 40to60RH\" \/>\n<meta property=\"og:description\" content=\"La Organizaci\u00f3n Mundial de la Salud establece las pautas para la calidad del aire interior en relaci\u00f3n con temas como la contaminaci\u00f3n y el moho. En la actualidad no ofrece recomendaciones relativas a un nivel de humedad m\u00ednimo en edificios p\u00fablicos. Si publicara unas directrices sobre los niveles m\u00ednimos de humedad, los legisladores responsables de [...]Leer m\u00e1s... from Relative humidity of 40-60% in buildings will reduce respiratory infections and save lives.\" \/>\n<meta property=\"og:url\" content=\"https:\/\/40to60rh.com\/es\/\" \/>\n<meta property=\"og:site_name\" content=\"40to60RH\" \/>\n<meta property=\"article:modified_time\" content=\"2020-05-19T19:26:09+00:00\" \/>\n<meta property=\"og:image\" content=\"https:\/\/40to60rh.com\/wp-content\/uploads\/2020\/04\/OG-Thumb.png\" \/>\n\t<meta property=\"og:image:width\" content=\"1200\" \/>\n\t<meta property=\"og:image:height\" content=\"1200\" \/>\n\t<meta property=\"og:image:type\" content=\"image\/png\" \/>\n<meta name=\"twitter:card\" content=\"summary_large_image\" \/>\n<meta name=\"twitter:label1\" content=\"Tiempo de lectura\" \/>\n\t<meta name=\"twitter:data1\" content=\"1 minuto\" \/>\n<script type=\"application\/ld+json\" class=\"yoast-schema-graph\">{\"@context\":\"https:\\\/\\\/schema.org\",\"@graph\":[{\"@type\":\"WebPage\",\"@id\":\"https:\\\/\\\/40to60rh.com\\\/es\\\/\",\"url\":\"https:\\\/\\\/40to60rh.com\\\/es\\\/\",\"name\":\"Relative humidity of 40-60% in buildings will reduce respiratory infections and save lives. - 40to60RH\",\"isPartOf\":{\"@id\":\"https:\\\/\\\/40to60rh.com\\\/#website\"},\"datePublished\":\"2020-05-14T18:40:52+00:00\",\"dateModified\":\"2020-05-19T19:26:09+00:00\",\"breadcrumb\":{\"@id\":\"https:\\\/\\\/40to60rh.com\\\/es\\\/#breadcrumb\"},\"inLanguage\":\"es\",\"potentialAction\":[{\"@type\":\"ReadAction\",\"target\":[\"https:\\\/\\\/40to60rh.com\\\/es\\\/\"]}]},{\"@type\":\"BreadcrumbList\",\"@id\":\"https:\\\/\\\/40to60rh.com\\\/es\\\/#breadcrumb\",\"itemListElement\":[{\"@type\":\"ListItem\",\"position\":1,\"name\":\"Home\",\"item\":\"https:\\\/\\\/40to60rh.com\\\/es\\\/\"},{\"@type\":\"ListItem\",\"position\":2,\"name\":\"Relative humidity of 40-60% in buildings will reduce respiratory infections and save lives.\"}]},{\"@type\":\"WebSite\",\"@id\":\"https:\\\/\\\/40to60rh.com\\\/#website\",\"url\":\"https:\\\/\\\/40to60rh.com\\\/\",\"name\":\"40to60RH\",\"description\":\"Una humedad relativa del 40-60 % en los edificios reduce las infecciones respiratorias y salva vidas.\",\"publisher\":{\"@id\":\"https:\\\/\\\/40to60rh.com\\\/#organization\"},\"potentialAction\":[{\"@type\":\"SearchAction\",\"target\":{\"@type\":\"EntryPoint\",\"urlTemplate\":\"https:\\\/\\\/40to60rh.com\\\/?s={search_term_string}\"},\"query-input\":{\"@type\":\"PropertyValueSpecification\",\"valueRequired\":true,\"valueName\":\"search_term_string\"}}],\"inLanguage\":\"es\"},{\"@type\":\"Organization\",\"@id\":\"https:\\\/\\\/40to60rh.com\\\/#organization\",\"name\":\"40to60RH\",\"url\":\"https:\\\/\\\/40to60rh.com\\\/\",\"logo\":{\"@type\":\"ImageObject\",\"inLanguage\":\"es\",\"@id\":\"https:\\\/\\\/40to60rh.com\\\/#\\\/schema\\\/logo\\\/image\\\/\",\"url\":\"https:\\\/\\\/40to60rh.com\\\/wp-content\\\/uploads\\\/2020\\\/06\\\/40to60RHcom-logo-300x78-1.png\",\"contentUrl\":\"https:\\\/\\\/40to60rh.com\\\/wp-content\\\/uploads\\\/2020\\\/06\\\/40to60RHcom-logo-300x78-1.png\",\"width\":300,\"height\":78,\"caption\":\"40to60RH\"},\"image\":{\"@id\":\"https:\\\/\\\/40to60rh.com\\\/#\\\/schema\\\/logo\\\/image\\\/\"}}]}<\/script>\n<!-- \/ Yoast SEO plugin. -->","yoast_head_json":{"title":"Relative humidity of 40-60% in buildings will reduce respiratory infections and save lives. - 40to60RH","robots":{"index":"index","follow":"follow","max-snippet":"max-snippet:-1","max-image-preview":"max-image-preview:large","max-video-preview":"max-video-preview:-1"},"canonical":"https:\/\/40to60rh.com\/es\/","og_locale":"es_ES","og_type":"article","og_title":"Relative humidity of 40-60% in buildings will reduce respiratory infections and save lives. - 40to60RH","og_description":"La Organizaci\u00f3n Mundial de la Salud establece las pautas para la calidad del aire interior en relaci\u00f3n con temas como la contaminaci\u00f3n y el moho. En la actualidad no ofrece recomendaciones relativas a un nivel de humedad m\u00ednimo en edificios p\u00fablicos. Si publicara unas directrices sobre los niveles m\u00ednimos de humedad, los legisladores responsables de [...]Leer m\u00e1s... from Relative humidity of 40-60% in buildings will reduce respiratory infections and save lives.","og_url":"https:\/\/40to60rh.com\/es\/","og_site_name":"40to60RH","article_modified_time":"2020-05-19T19:26:09+00:00","og_image":[{"width":1200,"height":1200,"url":"https:\/\/40to60rh.com\/wp-content\/uploads\/2020\/04\/OG-Thumb.png","type":"image\/png"}],"twitter_card":"summary_large_image","twitter_misc":{"Tiempo de lectura":"1 minuto"},"schema":{"@context":"https:\/\/schema.org","@graph":[{"@type":"WebPage","@id":"https:\/\/40to60rh.com\/es\/","url":"https:\/\/40to60rh.com\/es\/","name":"Relative humidity of 40-60% in buildings will reduce respiratory infections and save lives. - 40to60RH","isPartOf":{"@id":"https:\/\/40to60rh.com\/#website"},"datePublished":"2020-05-14T18:40:52+00:00","dateModified":"2020-05-19T19:26:09+00:00","breadcrumb":{"@id":"https:\/\/40to60rh.com\/es\/#breadcrumb"},"inLanguage":"es","potentialAction":[{"@type":"ReadAction","target":["https:\/\/40to60rh.com\/es\/"]}]},{"@type":"BreadcrumbList","@id":"https:\/\/40to60rh.com\/es\/#breadcrumb","itemListElement":[{"@type":"ListItem","position":1,"name":"Home","item":"https:\/\/40to60rh.com\/es\/"},{"@type":"ListItem","position":2,"name":"Relative humidity of 40-60% in buildings will reduce respiratory infections and save lives."}]},{"@type":"WebSite","@id":"https:\/\/40to60rh.com\/#website","url":"https:\/\/40to60rh.com\/","name":"40to60RH","description":"Una humedad relativa del 40-60 % en los edificios reduce las infecciones respiratorias y salva vidas.","publisher":{"@id":"https:\/\/40to60rh.com\/#organization"},"potentialAction":[{"@type":"SearchAction","target":{"@type":"EntryPoint","urlTemplate":"https:\/\/40to60rh.com\/?s={search_term_string}"},"query-input":{"@type":"PropertyValueSpecification","valueRequired":true,"valueName":"search_term_string"}}],"inLanguage":"es"},{"@type":"Organization","@id":"https:\/\/40to60rh.com\/#organization","name":"40to60RH","url":"https:\/\/40to60rh.com\/","logo":{"@type":"ImageObject","inLanguage":"es","@id":"https:\/\/40to60rh.com\/#\/schema\/logo\/image\/","url":"https:\/\/40to60rh.com\/wp-content\/uploads\/2020\/06\/40to60RHcom-logo-300x78-1.png","contentUrl":"https:\/\/40to60rh.com\/wp-content\/uploads\/2020\/06\/40to60RHcom-logo-300x78-1.png","width":300,"height":78,"caption":"40to60RH"},"image":{"@id":"https:\/\/40to60rh.com\/#\/schema\/logo\/image\/"}}]}},"_links":{"self":[{"href":"https:\/\/40to60rh.com\/es\/wp-json\/wp\/v2\/pages\/351","targetHints":{"allow":["GET"]}}],"collection":[{"href":"https:\/\/40to60rh.com\/es\/wp-json\/wp\/v2\/pages"}],"about":[{"href":"https:\/\/40to60rh.com\/es\/wp-json\/wp\/v2\/types\/page"}],"author":[{"embeddable":true,"href":"https:\/\/40to60rh.com\/es\/wp-json\/wp\/v2\/users\/1"}],"replies":[{"embeddable":true,"href":"https:\/\/40to60rh.com\/es\/wp-json\/wp\/v2\/comments?post=351"}],"version-history":[{"count":0,"href":"https:\/\/40to60rh.com\/es\/wp-json\/wp\/v2\/pages\/351\/revisions"}],"wp:attachment":[{"href":"https:\/\/40to60rh.com\/es\/wp-json\/wp\/v2\/media?parent=351"}],"curies":[{"name":"wp","href":"https:\/\/api.w.org\/{rel}","templated":true}]}}