{"id":262,"date":"2020-05-08T10:54:15","date_gmt":"2020-05-08T14:54:15","guid":{"rendered":"https:\/\/migrat40to60rh.wpengine.com\/?page_id=262"},"modified":"2020-05-13T12:22:15","modified_gmt":"2020-05-13T16:22:15","slug":"eine-relative-luftfeuchtigkeit-von-40-60-in-gebaeuden-verringert-die-haeufigkeit-von-atemwegsinfektionen-und-rettet-leben","status":"publish","type":"page","link":"https:\/\/40to60rh.com\/de\/","title":{"rendered":"Eine relative Luftfeuchtigkeit von 40\u201360\u00a0% in Geb\u00e4uden verringert die H\u00e4ufigkeit von Atemwegsinfektionen und rettet Leben."},"content":{"rendered":"<p>Die Weltgesundheitsorganisation WHO gibt Leitlinien f\u00fcr die Luftqualit\u00e4t in Innenr\u00e4umen hinsichtlich Aspekten wie Verschmutzung und Schimmel vor. Derzeit hat sie jedoch keine Empfehlung f\u00fcr ein Mindest-Luftfeuchtigkeitsniveau in \u00f6ffentlichen und gewerblichen Geb\u00e4uden festgelegt.<\/p>\n<p>W\u00fcrde die WHO Leitlinien f\u00fcr ein Mindest-Luftfeuchtigkeitsniveau herausgeben, m\u00fcssten die gesetzgebenden Organe f\u00fcr Geb\u00e4udenormen weltweit ihre eigenen Vorschriften anpassen. Geb\u00e4udeeigner und -betreiber w\u00fcrden dann die erforderlichen Schritte einleiten, um die Innenraum-Luftqualit\u00e4t so zu verbessern, dass dieses Mindest-Luftfeuchtigkeitsniveau eingehalten wird.<\/p>\n<p>Die Folgen w\u00e4ren:<\/p>\n<ul>\n<li>Erheblich weniger Atemwegsinfektionen durch saisonale Atemwegsviren wie Grippe<\/li>\n<li>Rettung von Tausenden von Leben jedes Jahr durch die Senkung der saisonalen Erkrankungszahlen<\/li>\n<li>Geringere Belastung des Gesundheitssystems weltweit in jedem Winter<\/li>\n<li>Massiver Nutzen f\u00fcr die Wirtschaft weltweit durch weniger Fehlzeiten<\/li>\n<li>Ein ges\u00fcnderes Umfeld in Geb\u00e4uden und Gesundheitsnutzen f\u00fcr Millionen von Menschen<\/li>\n<\/ul>\n<p>Bitte, WHO \u2013 h\u00f6ren Sie beim Thema Luftfeuchtigkeit in Geb\u00e4uden auf die Wissenschaft und handeln Sie jetzt!<\/p>\n","protected":false},"excerpt":{"rendered":"<p>Die Weltgesundheitsorganisation WHO gibt Leitlinien f\u00fcr die Luftqualit\u00e4t in Innenr\u00e4umen hinsichtlich Aspekten wie Verschmutzung und Schimmel vor. Derzeit hat sie jedoch keine Empfehlung f\u00fcr ein Mindest-Luftfeuchtigkeitsniveau in \u00f6ffentlichen und gewerblichen Geb\u00e4uden festgelegt. W\u00fcrde die WHO Leitlinien f\u00fcr ein Mindest-Luftfeuchtigkeitsniveau herausgeben, m\u00fcssten die gesetzgebenden Organe f\u00fcr Geb\u00e4udenormen weltweit ihre eigenen Vorschriften anpassen. Geb\u00e4udeeigner und -betreiber w\u00fcrden [&#8230;]<\/p>\n<p><a class=\"btn btn-secondary understrap-read-more-link\" href=\"https:\/\/40to60rh.com\/de\/\">Weiterlesen&#8230;<span class=\"screen-reader-text\"> from Eine relative Luftfeuchtigkeit von 40\u201360\u00a0% in Geb\u00e4uden verringert die H\u00e4ufigkeit von Atemwegsinfektionen und rettet Leben.<\/span><\/a><\/p>\n","protected":false},"author":1,"featured_media":0,"parent":0,"menu_order":0,"comment_status":"open","ping_status":"open","template":"page-templates\/landingpage.php","meta":{"_acf_changed":false,"footnotes":""},"class_list":["post-262","page","type-page","status-publish","hentry"],"acf":[],"yoast_head":"<!-- This site is optimized with the Yoast SEO plugin v27.4 - https:\/\/yoast.com\/product\/yoast-seo-wordpress\/ -->\n<title>Eine relative Luftfeuchtigkeit von 40\u201360\u00a0% in Geb\u00e4uden verringert die H\u00e4ufigkeit von Atemwegsinfektionen und rettet Leben. - 40to60RH<\/title>\n<meta name=\"robots\" content=\"index, follow, max-snippet:-1, max-image-preview:large, max-video-preview:-1\" \/>\n<link rel=\"canonical\" href=\"https:\/\/40to60rh.com\/de\/\" \/>\n<meta property=\"og:locale\" content=\"de_DE\" \/>\n<meta property=\"og:type\" content=\"article\" \/>\n<meta property=\"og:title\" content=\"Eine relative Luftfeuchtigkeit von 40\u201360\u00a0% in Geb\u00e4uden verringert die H\u00e4ufigkeit von Atemwegsinfektionen und rettet Leben. - 40to60RH\" \/>\n<meta property=\"og:description\" content=\"Die Weltgesundheitsorganisation WHO gibt Leitlinien f\u00fcr die Luftqualit\u00e4t in Innenr\u00e4umen hinsichtlich Aspekten wie Verschmutzung und Schimmel vor. Derzeit hat sie jedoch keine Empfehlung f\u00fcr ein Mindest-Luftfeuchtigkeitsniveau in \u00f6ffentlichen und gewerblichen Geb\u00e4uden festgelegt. W\u00fcrde die WHO Leitlinien f\u00fcr ein Mindest-Luftfeuchtigkeitsniveau herausgeben, m\u00fcssten die gesetzgebenden Organe f\u00fcr Geb\u00e4udenormen weltweit ihre eigenen Vorschriften anpassen. Geb\u00e4udeeigner und -betreiber w\u00fcrden [...]Weiterlesen... from Eine relative Luftfeuchtigkeit von 40\u201360\u00a0% in Geb\u00e4uden verringert die H\u00e4ufigkeit von Atemwegsinfektionen und rettet Leben.\" \/>\n<meta property=\"og:url\" content=\"https:\/\/40to60rh.com\/de\/\" \/>\n<meta property=\"og:site_name\" content=\"40to60RH\" \/>\n<meta property=\"article:modified_time\" content=\"2020-05-13T16:22:15+00:00\" \/>\n<meta property=\"og:image\" content=\"https:\/\/40to60rh.com\/wp-content\/uploads\/2020\/04\/OG-Thumb.png\" \/>\n\t<meta property=\"og:image:width\" content=\"1200\" \/>\n\t<meta property=\"og:image:height\" content=\"1200\" \/>\n\t<meta property=\"og:image:type\" content=\"image\/png\" \/>\n<meta name=\"twitter:card\" content=\"summary_large_image\" \/>\n<meta name=\"twitter:label1\" content=\"Gesch\u00e4tzte Lesezeit\" \/>\n\t<meta name=\"twitter:data1\" content=\"1 Minute\" \/>\n<script type=\"application\/ld+json\" class=\"yoast-schema-graph\">{\"@context\":\"https:\\\/\\\/schema.org\",\"@graph\":[{\"@type\":\"WebPage\",\"@id\":\"https:\\\/\\\/40to60rh.com\\\/de\\\/\",\"url\":\"https:\\\/\\\/40to60rh.com\\\/de\\\/\",\"name\":\"Eine relative Luftfeuchtigkeit von 40\u201360\u00a0% in Geb\u00e4uden verringert die H\u00e4ufigkeit von Atemwegsinfektionen und rettet Leben. - 40to60RH\",\"isPartOf\":{\"@id\":\"https:\\\/\\\/40to60rh.com\\\/#website\"},\"datePublished\":\"2020-05-08T14:54:15+00:00\",\"dateModified\":\"2020-05-13T16:22:15+00:00\",\"breadcrumb\":{\"@id\":\"https:\\\/\\\/40to60rh.com\\\/de\\\/#breadcrumb\"},\"inLanguage\":\"de-DE\",\"potentialAction\":[{\"@type\":\"ReadAction\",\"target\":[\"https:\\\/\\\/40to60rh.com\\\/de\\\/\"]}]},{\"@type\":\"BreadcrumbList\",\"@id\":\"https:\\\/\\\/40to60rh.com\\\/de\\\/#breadcrumb\",\"itemListElement\":[{\"@type\":\"ListItem\",\"position\":1,\"name\":\"Home\",\"item\":\"https:\\\/\\\/40to60rh.com\\\/de\\\/\"},{\"@type\":\"ListItem\",\"position\":2,\"name\":\"Eine relative Luftfeuchtigkeit von 40\u201360\u00a0% in Geb\u00e4uden verringert die H\u00e4ufigkeit von Atemwegsinfektionen und rettet Leben.\"}]},{\"@type\":\"WebSite\",\"@id\":\"https:\\\/\\\/40to60rh.com\\\/#website\",\"url\":\"https:\\\/\\\/40to60rh.com\\\/\",\"name\":\"40to60RH\",\"description\":\"Eine relative Luftfeuchtigkeit von 40\u201360 % in Geb\u00e4uden verringert die H\u00e4ufigkeit von Atemwegsinfektionen und rettet Leben.\",\"publisher\":{\"@id\":\"https:\\\/\\\/40to60rh.com\\\/#organization\"},\"potentialAction\":[{\"@type\":\"SearchAction\",\"target\":{\"@type\":\"EntryPoint\",\"urlTemplate\":\"https:\\\/\\\/40to60rh.com\\\/?s={search_term_string}\"},\"query-input\":{\"@type\":\"PropertyValueSpecification\",\"valueRequired\":true,\"valueName\":\"search_term_string\"}}],\"inLanguage\":\"de-DE\"},{\"@type\":\"Organization\",\"@id\":\"https:\\\/\\\/40to60rh.com\\\/#organization\",\"name\":\"40to60RH\",\"url\":\"https:\\\/\\\/40to60rh.com\\\/\",\"logo\":{\"@type\":\"ImageObject\",\"inLanguage\":\"de-DE\",\"@id\":\"https:\\\/\\\/40to60rh.com\\\/#\\\/schema\\\/logo\\\/image\\\/\",\"url\":\"https:\\\/\\\/40to60rh.com\\\/wp-content\\\/uploads\\\/2020\\\/06\\\/40to60RHcom-logo-300x78-1.png\",\"contentUrl\":\"https:\\\/\\\/40to60rh.com\\\/wp-content\\\/uploads\\\/2020\\\/06\\\/40to60RHcom-logo-300x78-1.png\",\"width\":300,\"height\":78,\"caption\":\"40to60RH\"},\"image\":{\"@id\":\"https:\\\/\\\/40to60rh.com\\\/#\\\/schema\\\/logo\\\/image\\\/\"}}]}<\/script>\n<!-- \/ Yoast SEO plugin. -->","yoast_head_json":{"title":"Eine relative Luftfeuchtigkeit von 40\u201360\u00a0% in Geb\u00e4uden verringert die H\u00e4ufigkeit von Atemwegsinfektionen und rettet Leben. - 40to60RH","robots":{"index":"index","follow":"follow","max-snippet":"max-snippet:-1","max-image-preview":"max-image-preview:large","max-video-preview":"max-video-preview:-1"},"canonical":"https:\/\/40to60rh.com\/de\/","og_locale":"de_DE","og_type":"article","og_title":"Eine relative Luftfeuchtigkeit von 40\u201360\u00a0% in Geb\u00e4uden verringert die H\u00e4ufigkeit von Atemwegsinfektionen und rettet Leben. - 40to60RH","og_description":"Die Weltgesundheitsorganisation WHO gibt Leitlinien f\u00fcr die Luftqualit\u00e4t in Innenr\u00e4umen hinsichtlich Aspekten wie Verschmutzung und Schimmel vor. Derzeit hat sie jedoch keine Empfehlung f\u00fcr ein Mindest-Luftfeuchtigkeitsniveau in \u00f6ffentlichen und gewerblichen Geb\u00e4uden festgelegt. W\u00fcrde die WHO Leitlinien f\u00fcr ein Mindest-Luftfeuchtigkeitsniveau herausgeben, m\u00fcssten die gesetzgebenden Organe f\u00fcr Geb\u00e4udenormen weltweit ihre eigenen Vorschriften anpassen. Geb\u00e4udeeigner und -betreiber w\u00fcrden [...]Weiterlesen... from Eine relative Luftfeuchtigkeit von 40\u201360\u00a0% in Geb\u00e4uden verringert die H\u00e4ufigkeit von Atemwegsinfektionen und rettet Leben.","og_url":"https:\/\/40to60rh.com\/de\/","og_site_name":"40to60RH","article_modified_time":"2020-05-13T16:22:15+00:00","og_image":[{"width":1200,"height":1200,"url":"https:\/\/40to60rh.com\/wp-content\/uploads\/2020\/04\/OG-Thumb.png","type":"image\/png"}],"twitter_card":"summary_large_image","twitter_misc":{"Gesch\u00e4tzte Lesezeit":"1 Minute"},"schema":{"@context":"https:\/\/schema.org","@graph":[{"@type":"WebPage","@id":"https:\/\/40to60rh.com\/de\/","url":"https:\/\/40to60rh.com\/de\/","name":"Eine relative Luftfeuchtigkeit von 40\u201360\u00a0% in Geb\u00e4uden verringert die H\u00e4ufigkeit von Atemwegsinfektionen und rettet Leben. - 40to60RH","isPartOf":{"@id":"https:\/\/40to60rh.com\/#website"},"datePublished":"2020-05-08T14:54:15+00:00","dateModified":"2020-05-13T16:22:15+00:00","breadcrumb":{"@id":"https:\/\/40to60rh.com\/de\/#breadcrumb"},"inLanguage":"de-DE","potentialAction":[{"@type":"ReadAction","target":["https:\/\/40to60rh.com\/de\/"]}]},{"@type":"BreadcrumbList","@id":"https:\/\/40to60rh.com\/de\/#breadcrumb","itemListElement":[{"@type":"ListItem","position":1,"name":"Home","item":"https:\/\/40to60rh.com\/de\/"},{"@type":"ListItem","position":2,"name":"Eine relative Luftfeuchtigkeit von 40\u201360\u00a0% in Geb\u00e4uden verringert die H\u00e4ufigkeit von Atemwegsinfektionen und rettet Leben."}]},{"@type":"WebSite","@id":"https:\/\/40to60rh.com\/#website","url":"https:\/\/40to60rh.com\/","name":"40to60RH","description":"Eine relative Luftfeuchtigkeit von 40\u201360 % in Geb\u00e4uden verringert die H\u00e4ufigkeit von Atemwegsinfektionen und rettet Leben.","publisher":{"@id":"https:\/\/40to60rh.com\/#organization"},"potentialAction":[{"@type":"SearchAction","target":{"@type":"EntryPoint","urlTemplate":"https:\/\/40to60rh.com\/?s={search_term_string}"},"query-input":{"@type":"PropertyValueSpecification","valueRequired":true,"valueName":"search_term_string"}}],"inLanguage":"de-DE"},{"@type":"Organization","@id":"https:\/\/40to60rh.com\/#organization","name":"40to60RH","url":"https:\/\/40to60rh.com\/","logo":{"@type":"ImageObject","inLanguage":"de-DE","@id":"https:\/\/40to60rh.com\/#\/schema\/logo\/image\/","url":"https:\/\/40to60rh.com\/wp-content\/uploads\/2020\/06\/40to60RHcom-logo-300x78-1.png","contentUrl":"https:\/\/40to60rh.com\/wp-content\/uploads\/2020\/06\/40to60RHcom-logo-300x78-1.png","width":300,"height":78,"caption":"40to60RH"},"image":{"@id":"https:\/\/40to60rh.com\/#\/schema\/logo\/image\/"}}]}},"_links":{"self":[{"href":"https:\/\/40to60rh.com\/de\/wp-json\/wp\/v2\/pages\/262","targetHints":{"allow":["GET"]}}],"collection":[{"href":"https:\/\/40to60rh.com\/de\/wp-json\/wp\/v2\/pages"}],"about":[{"href":"https:\/\/40to60rh.com\/de\/wp-json\/wp\/v2\/types\/page"}],"author":[{"embeddable":true,"href":"https:\/\/40to60rh.com\/de\/wp-json\/wp\/v2\/users\/1"}],"replies":[{"embeddable":true,"href":"https:\/\/40to60rh.com\/de\/wp-json\/wp\/v2\/comments?post=262"}],"version-history":[{"count":0,"href":"https:\/\/40to60rh.com\/de\/wp-json\/wp\/v2\/pages\/262\/revisions"}],"wp:attachment":[{"href":"https:\/\/40to60rh.com\/de\/wp-json\/wp\/v2\/media?parent=262"}],"curies":[{"name":"wp","href":"https:\/\/api.w.org\/{rel}","templated":true}]}}