{"id":906,"date":"2020-06-04T14:48:52","date_gmt":"2020-06-04T18:48:52","guid":{"rendered":"https:\/\/migrat40to60rh.wpengine.com\/?page_id=906"},"modified":"2020-06-09T15:22:02","modified_gmt":"2020-06-09T19:22:02","slug":"relative-humidity-of-40-60-in-buildings-will-reduce-respiratory-infections-and-save-lives","status":"publish","type":"page","link":"https:\/\/40to60rh.com\/da\/","title":{"rendered":"Relative humidity of 40-60% in buildings will reduce respiratory infections and save lives."},"content":{"rendered":"<p>Verdenssundhedsorganisationen s\u00e6tter retningslinjer for indeluftkvaliteten med henblik p\u00e5 f.eks. forurening og skimmel. P\u00e5 nuv\u00e6rende tidspunkt angiver WHO ingen anbefalinger for et minimum fugtighedsniveau i offentlige bygninger.<\/p>\n<p>Hvis der var offentliggjorte retningslinjer for minimum fugtighedsniveauer, ville bygningskontrolmyndigheder verden over skulle opdatere deres egne krav. Bygningsejere og operat\u00f8rer ville i s\u00e5 fald tr\u00e6ffe foranstaltninger for at forbedre deres indeluftkvalitet for at im\u00f8dekomme dette minimum fugtighedsniveau.<\/p>\n<p>Dette ville medf\u00f8re:<\/p>\n<ul>\n<li>En betydelig reducering af luftvejsinfektioner fra s\u00e6sonbetingede luftvejsvira som influenza.<\/li>\n<li>Tusindvis af liv, der reddes hvert \u00e5r pga. reduktionen af s\u00e6sonbetingede luftvejssygdomme.<\/li>\n<li>Mindre belastning af sundhedssektoren p\u00e5 globalt plan i vinterm\u00e5nederne.<\/li>\n<li>En massiv fordel for verdens\u00f8konomien pga. mindre frav\u00e6r.<\/li>\n<li>Et sundere indeklima og forbedret helbred for millioner af mennesker.<\/li>\n<\/ul>\n<p>Vi beder indtr\u00e6ngende WHO om at lytte til videnskaben ang\u00e5ende luftfugtighed og tr\u00e6ffe foranstaltninger nu!<\/p>\n<hr \/>\n","protected":false},"excerpt":{"rendered":"<p>Verdenssundhedsorganisationen s\u00e6tter retningslinjer for indeluftkvaliteten med henblik p\u00e5 f.eks. forurening og skimmel. P\u00e5 nuv\u00e6rende tidspunkt angiver WHO ingen anbefalinger for et minimum fugtighedsniveau i offentlige bygninger. Hvis der var offentliggjorte retningslinjer for minimum fugtighedsniveauer, ville bygningskontrolmyndigheder verden over skulle opdatere deres egne krav. Bygningsejere og operat\u00f8rer ville i s\u00e5 fald tr\u00e6ffe foranstaltninger for at forbedre [&#8230;]<\/p>\n<p><a class=\"btn btn-secondary understrap-read-more-link\" href=\"https:\/\/40to60rh.com\/da\/\">L\u00e6s mere&#8230;<span class=\"screen-reader-text\"> from Relative humidity of 40-60% in buildings will reduce respiratory infections and save lives.<\/span><\/a><\/p>\n","protected":false},"author":1,"featured_media":0,"parent":0,"menu_order":0,"comment_status":"open","ping_status":"open","template":"page-templates\/landingpage.php","meta":{"_acf_changed":false,"footnotes":""},"class_list":["post-906","page","type-page","status-publish","hentry"],"acf":[],"yoast_head":"<!-- This site is optimized with the Yoast SEO plugin v27.5 - https:\/\/yoast.com\/product\/yoast-seo-wordpress\/ -->\n<title>Relative humidity of 40-60% in buildings will reduce respiratory infections and save lives. - 40to60RH<\/title>\n<meta name=\"robots\" content=\"index, follow, max-snippet:-1, max-image-preview:large, max-video-preview:-1\" \/>\n<link rel=\"canonical\" href=\"https:\/\/40to60rh.com\/da\/\" \/>\n<meta property=\"og:locale\" content=\"da_DK\" \/>\n<meta property=\"og:type\" content=\"article\" \/>\n<meta property=\"og:title\" content=\"Relative humidity of 40-60% in buildings will reduce respiratory infections and save lives. - 40to60RH\" \/>\n<meta property=\"og:description\" content=\"Verdenssundhedsorganisationen s\u00e6tter retningslinjer for indeluftkvaliteten med henblik p\u00e5 f.eks. forurening og skimmel. P\u00e5 nuv\u00e6rende tidspunkt angiver WHO ingen anbefalinger for et minimum fugtighedsniveau i offentlige bygninger. Hvis der var offentliggjorte retningslinjer for minimum fugtighedsniveauer, ville bygningskontrolmyndigheder verden over skulle opdatere deres egne krav. Bygningsejere og operat\u00f8rer ville i s\u00e5 fald tr\u00e6ffe foranstaltninger for at forbedre [...]L\u00e6s mere... from Relative humidity of 40-60% in buildings will reduce respiratory infections and save lives.\" \/>\n<meta property=\"og:url\" content=\"https:\/\/40to60rh.com\/da\/\" \/>\n<meta property=\"og:site_name\" content=\"40to60RH\" \/>\n<meta property=\"article:modified_time\" content=\"2020-06-09T19:22:02+00:00\" \/>\n<meta property=\"og:image\" content=\"https:\/\/40to60rh.com\/wp-content\/uploads\/2020\/04\/OG-Thumb.png\" \/>\n\t<meta property=\"og:image:width\" content=\"1200\" \/>\n\t<meta property=\"og:image:height\" content=\"1200\" \/>\n\t<meta property=\"og:image:type\" content=\"image\/png\" \/>\n<meta name=\"twitter:card\" content=\"summary_large_image\" \/>\n<meta name=\"twitter:label1\" content=\"Estimeret l\u00e6setid\" \/>\n\t<meta name=\"twitter:data1\" content=\"1 minut\" \/>\n<script type=\"application\/ld+json\" class=\"yoast-schema-graph\">{\"@context\":\"https:\\\/\\\/schema.org\",\"@graph\":[{\"@type\":\"WebPage\",\"@id\":\"https:\\\/\\\/40to60rh.com\\\/da\\\/\",\"url\":\"https:\\\/\\\/40to60rh.com\\\/da\\\/\",\"name\":\"Relative humidity of 40-60% in buildings will reduce respiratory infections and save lives. - 40to60RH\",\"isPartOf\":{\"@id\":\"https:\\\/\\\/40to60rh.com\\\/#website\"},\"datePublished\":\"2020-06-04T18:48:52+00:00\",\"dateModified\":\"2020-06-09T19:22:02+00:00\",\"breadcrumb\":{\"@id\":\"https:\\\/\\\/40to60rh.com\\\/da\\\/#breadcrumb\"},\"inLanguage\":\"da-DK\",\"potentialAction\":[{\"@type\":\"ReadAction\",\"target\":[\"https:\\\/\\\/40to60rh.com\\\/da\\\/\"]}]},{\"@type\":\"BreadcrumbList\",\"@id\":\"https:\\\/\\\/40to60rh.com\\\/da\\\/#breadcrumb\",\"itemListElement\":[{\"@type\":\"ListItem\",\"position\":1,\"name\":\"Home\",\"item\":\"https:\\\/\\\/40to60rh.com\\\/da\\\/\"},{\"@type\":\"ListItem\",\"position\":2,\"name\":\"Relative humidity of 40-60% in buildings will reduce respiratory infections and save lives.\"}]},{\"@type\":\"WebSite\",\"@id\":\"https:\\\/\\\/40to60rh.com\\\/#website\",\"url\":\"https:\\\/\\\/40to60rh.com\\\/\",\"name\":\"40to60RH\",\"description\":\"En relativ luftfugtighed p\u00e5 40-60 % i bygninger vil reducere luftvejsinfektioner og redde liv.\",\"publisher\":{\"@id\":\"https:\\\/\\\/40to60rh.com\\\/#organization\"},\"potentialAction\":[{\"@type\":\"SearchAction\",\"target\":{\"@type\":\"EntryPoint\",\"urlTemplate\":\"https:\\\/\\\/40to60rh.com\\\/?s={search_term_string}\"},\"query-input\":{\"@type\":\"PropertyValueSpecification\",\"valueRequired\":true,\"valueName\":\"search_term_string\"}}],\"inLanguage\":\"da-DK\"},{\"@type\":\"Organization\",\"@id\":\"https:\\\/\\\/40to60rh.com\\\/#organization\",\"name\":\"40to60RH\",\"url\":\"https:\\\/\\\/40to60rh.com\\\/\",\"logo\":{\"@type\":\"ImageObject\",\"inLanguage\":\"da-DK\",\"@id\":\"https:\\\/\\\/40to60rh.com\\\/#\\\/schema\\\/logo\\\/image\\\/\",\"url\":\"https:\\\/\\\/40to60rh.com\\\/wp-content\\\/uploads\\\/2020\\\/06\\\/40to60RHcom-logo-300x78-1.png\",\"contentUrl\":\"https:\\\/\\\/40to60rh.com\\\/wp-content\\\/uploads\\\/2020\\\/06\\\/40to60RHcom-logo-300x78-1.png\",\"width\":300,\"height\":78,\"caption\":\"40to60RH\"},\"image\":{\"@id\":\"https:\\\/\\\/40to60rh.com\\\/#\\\/schema\\\/logo\\\/image\\\/\"}}]}<\/script>\n<!-- \/ Yoast SEO plugin. -->","yoast_head_json":{"title":"Relative humidity of 40-60% in buildings will reduce respiratory infections and save lives. - 40to60RH","robots":{"index":"index","follow":"follow","max-snippet":"max-snippet:-1","max-image-preview":"max-image-preview:large","max-video-preview":"max-video-preview:-1"},"canonical":"https:\/\/40to60rh.com\/da\/","og_locale":"da_DK","og_type":"article","og_title":"Relative humidity of 40-60% in buildings will reduce respiratory infections and save lives. - 40to60RH","og_description":"Verdenssundhedsorganisationen s\u00e6tter retningslinjer for indeluftkvaliteten med henblik p\u00e5 f.eks. forurening og skimmel. P\u00e5 nuv\u00e6rende tidspunkt angiver WHO ingen anbefalinger for et minimum fugtighedsniveau i offentlige bygninger. Hvis der var offentliggjorte retningslinjer for minimum fugtighedsniveauer, ville bygningskontrolmyndigheder verden over skulle opdatere deres egne krav. Bygningsejere og operat\u00f8rer ville i s\u00e5 fald tr\u00e6ffe foranstaltninger for at forbedre [...]L\u00e6s mere... from Relative humidity of 40-60% in buildings will reduce respiratory infections and save lives.","og_url":"https:\/\/40to60rh.com\/da\/","og_site_name":"40to60RH","article_modified_time":"2020-06-09T19:22:02+00:00","og_image":[{"width":1200,"height":1200,"url":"https:\/\/40to60rh.com\/wp-content\/uploads\/2020\/04\/OG-Thumb.png","type":"image\/png"}],"twitter_card":"summary_large_image","twitter_misc":{"Estimeret l\u00e6setid":"1 minut"},"schema":{"@context":"https:\/\/schema.org","@graph":[{"@type":"WebPage","@id":"https:\/\/40to60rh.com\/da\/","url":"https:\/\/40to60rh.com\/da\/","name":"Relative humidity of 40-60% in buildings will reduce respiratory infections and save lives. - 40to60RH","isPartOf":{"@id":"https:\/\/40to60rh.com\/#website"},"datePublished":"2020-06-04T18:48:52+00:00","dateModified":"2020-06-09T19:22:02+00:00","breadcrumb":{"@id":"https:\/\/40to60rh.com\/da\/#breadcrumb"},"inLanguage":"da-DK","potentialAction":[{"@type":"ReadAction","target":["https:\/\/40to60rh.com\/da\/"]}]},{"@type":"BreadcrumbList","@id":"https:\/\/40to60rh.com\/da\/#breadcrumb","itemListElement":[{"@type":"ListItem","position":1,"name":"Home","item":"https:\/\/40to60rh.com\/da\/"},{"@type":"ListItem","position":2,"name":"Relative humidity of 40-60% in buildings will reduce respiratory infections and save lives."}]},{"@type":"WebSite","@id":"https:\/\/40to60rh.com\/#website","url":"https:\/\/40to60rh.com\/","name":"40to60RH","description":"En relativ luftfugtighed p\u00e5 40-60 % i bygninger vil reducere luftvejsinfektioner og redde liv.","publisher":{"@id":"https:\/\/40to60rh.com\/#organization"},"potentialAction":[{"@type":"SearchAction","target":{"@type":"EntryPoint","urlTemplate":"https:\/\/40to60rh.com\/?s={search_term_string}"},"query-input":{"@type":"PropertyValueSpecification","valueRequired":true,"valueName":"search_term_string"}}],"inLanguage":"da-DK"},{"@type":"Organization","@id":"https:\/\/40to60rh.com\/#organization","name":"40to60RH","url":"https:\/\/40to60rh.com\/","logo":{"@type":"ImageObject","inLanguage":"da-DK","@id":"https:\/\/40to60rh.com\/#\/schema\/logo\/image\/","url":"https:\/\/40to60rh.com\/wp-content\/uploads\/2020\/06\/40to60RHcom-logo-300x78-1.png","contentUrl":"https:\/\/40to60rh.com\/wp-content\/uploads\/2020\/06\/40to60RHcom-logo-300x78-1.png","width":300,"height":78,"caption":"40to60RH"},"image":{"@id":"https:\/\/40to60rh.com\/#\/schema\/logo\/image\/"}}]}},"_links":{"self":[{"href":"https:\/\/40to60rh.com\/da\/wp-json\/wp\/v2\/pages\/906","targetHints":{"allow":["GET"]}}],"collection":[{"href":"https:\/\/40to60rh.com\/da\/wp-json\/wp\/v2\/pages"}],"about":[{"href":"https:\/\/40to60rh.com\/da\/wp-json\/wp\/v2\/types\/page"}],"author":[{"embeddable":true,"href":"https:\/\/40to60rh.com\/da\/wp-json\/wp\/v2\/users\/1"}],"replies":[{"embeddable":true,"href":"https:\/\/40to60rh.com\/da\/wp-json\/wp\/v2\/comments?post=906"}],"version-history":[{"count":0,"href":"https:\/\/40to60rh.com\/da\/wp-json\/wp\/v2\/pages\/906\/revisions"}],"wp:attachment":[{"href":"https:\/\/40to60rh.com\/da\/wp-json\/wp\/v2\/media?parent=906"}],"curies":[{"name":"wp","href":"https:\/\/api.w.org\/{rel}","templated":true}]}}